{"id":318,"date":"2024-04-07T15:28:01","date_gmt":"2024-04-07T07:28:01","guid":{"rendered":"https:\/\/test.3dptek.com\/?page_id=318"},"modified":"2024-05-22T13:57:13","modified_gmt":"2024-05-22T05:57:13","slug":"profile","status":"publish","type":"page","link":"https:\/\/www.3dptek.com\/vi\/about-us\/profile\/","title":{"rendered":"Gi\u1edbi thi\u1ec7u c\u00f4ng ty"},"content":{"rendered":"","protected":false},"excerpt":{"rendered":"","protected":false},"author":1,"featured_media":0,"parent":316,"menu_order":0,"comment_status":"closed","ping_status":"closed","template":"","meta":{"_yoast_wpseo_focuskw":"","_yoast_wpseo_title":"\u4e09\u5e1d\u79d1\u6280\u540c\u65f6\u62e5\u6709\u201cSLS+SLM+3DP+BJ\u201d\u5de5\u827a %%sep%% %%sitename%%","_yoast_wpseo_metadesc":"\u540c\u65f6\u62e5\u6709\u6fc0\u5149\u548c\u7c98\u7ed3\u5242\u55b7\u5c043D\u6253\u5370\u8bbe\u5907\u548c\u6750\u6599\u6280\u672f\u53ca\u5e94\u7528\u5de5\u827a\uff0c\u4e1a\u52a1\u6db5\u76d63D\u6253\u5370\u88c5\u5907\u3001\u539f\u6750\u6599\u7684\u7814\u53d1\u53ca\u751f\u4ea7\u3001\u91d1\u5c5e\u6210\u54c1\u4ef6\u5feb\u901f\u5236\u9020\u670d\u52a1\u30013D\u6253\u5370\u5de5\u827a\u6280\u672f\u652f\u6301\u670d\u52a1\u7b49\uff0c\u5efa\u7acb\u4e86\u5b8c\u6574\u76843D\u6253\u5370\u5feb\u901f\u5236\u9020\u4ea7\u4e1a\u94fe\uff0c\u5e7f\u6cdb\u5e94\u7528\u4e8e\u822a\u7a7a\u822a\u5929\u3001\u8239\u8236\u6cf5\u9600\u3001\u6c7d\u8f66\u3001\u80fd\u6e90\u52a8\u529b\u3001\u5de5\u4e1a\u673a\u68b0\u3001\u8f68\u9053\u4ea4\u901a\u30013C\u7535\u5b50\u3001\u6559\u80b2\u79d1\u7814\u3001\u96d5\u5851\u6587\u521b\u3001\u5eb7\u590d\u533b\u7597\u7b49\u884c\u4e1a\u3002","footnotes":""},"class_list":["post-318","page","type-page","status-publish","hentry"],"acf":[],"yoast_head":"\n\u4e09\u5e1d\u79d1\u6280\u540c\u65f6\u62e5\u6709\u201cSLS+SLM+3DP+BJ\u201d\u5de5\u827a - \u4e09\u5e1d\u79d1\u6280\u80a1\u4efd\u6709\u9650\u516c\u53f8<\/title>\n<meta name=\"description\" content=\"\u540c\u65f6\u62e5\u6709\u6fc0\u5149\u548c\u7c98\u7ed3\u5242\u55b7\u5c043D\u6253\u5370\u8bbe\u5907\u548c\u6750\u6599\u6280\u672f\u53ca\u5e94\u7528\u5de5\u827a\uff0c\u4e1a\u52a1\u6db5\u76d63D\u6253\u5370\u88c5\u5907\u3001\u539f\u6750\u6599\u7684\u7814\u53d1\u53ca\u751f\u4ea7\u3001\u91d1\u5c5e\u6210\u54c1\u4ef6\u5feb\u901f\u5236\u9020\u670d\u52a1\u30013D\u6253\u5370\u5de5\u827a\u6280\u672f\u652f\u6301\u670d\u52a1\u7b49\uff0c\u5efa\u7acb\u4e86\u5b8c\u6574\u76843D\u6253\u5370\u5feb\u901f\u5236\u9020\u4ea7\u4e1a\u94fe\uff0c\u5e7f\u6cdb\u5e94\u7528\u4e8e\u822a\u7a7a\u822a\u5929\u3001\u8239\u8236\u6cf5\u9600\u3001\u6c7d\u8f66\u3001\u80fd\u6e90\u52a8\u529b\u3001\u5de5\u4e1a\u673a\u68b0\u3001\u8f68\u9053\u4ea4\u901a\u30013C\u7535\u5b50\u3001\u6559\u80b2\u79d1\u7814\u3001\u96d5\u5851\u6587\u521b\u3001\u5eb7\u590d\u533b\u7597\u7b49\u884c\u4e1a\u3002\" \/>\n<meta name=\"robots\" content=\"index, follow, max-snippet:-1, max-image-preview:large, max-video-preview:-1\" \/>\n<link rel=\"canonical\" href=\"https:\/\/www.3dptek.com\/vi\/about-us\/profile\/\" \/>\n<meta property=\"og:locale\" content=\"vi_VN\" \/>\n<meta property=\"og:type\" content=\"article\" \/>\n<meta property=\"og:title\" content=\"\u516c\u53f8\u4ecb\u7ecd\" \/>\n<meta property=\"og:description\" content=\"\u540c\u65f6\u62e5\u6709\u6fc0\u5149\u548c\u7c98\u7ed3\u5242\u55b7\u5c043D\u6253\u5370\u8bbe\u5907\u548c\u6750\u6599\u6280\u672f\u53ca\u5e94\u7528\u5de5\u827a\uff0c\u4e1a\u52a1\u6db5\u76d63D\u6253\u5370\u88c5\u5907\u3001\u539f\u6750\u6599\u7684\u7814\u53d1\u53ca\u751f\u4ea7\u3001\u91d1\u5c5e\u6210\u54c1\u4ef6\u5feb\u901f\u5236\u9020\u670d\u52a1\u30013D\u6253\u5370\u5de5\u827a\u6280\u672f\u652f\u6301\u670d\u52a1\u7b49\uff0c\u5efa\u7acb\u4e86\u5b8c\u6574\u76843D\u6253\u5370\u5feb\u901f\u5236\u9020\u4ea7\u4e1a\u94fe\uff0c\u5e7f\u6cdb\u5e94\u7528\u4e8e\u822a\u7a7a\u822a\u5929\u3001\u8239\u8236\u6cf5\u9600\u3001\u6c7d\u8f66\u3001\u80fd\u6e90\u52a8\u529b\u3001\u5de5\u4e1a\u673a\u68b0\u3001\u8f68\u9053\u4ea4\u901a\u30013C\u7535\u5b50\u3001\u6559\u80b2\u79d1\u7814\u3001\u96d5\u5851\u6587\u521b\u3001\u5eb7\u590d\u533b\u7597\u7b49\u884c\u4e1a\u3002\" \/>\n<meta property=\"og:url\" content=\"https:\/\/www.3dptek.com\/vi\/about-us\/profile\/\" \/>\n<meta property=\"og:site_name\" content=\"\u4e09\u5e1d\u79d1\u6280\u80a1\u4efd\u6709\u9650\u516c\u53f8\" \/>\n<meta property=\"article:modified_time\" content=\"2024-05-22T05:57:13+00:00\" \/>\n<meta name=\"twitter:card\" content=\"summary_large_image\" \/>\n<meta name=\"twitter:label1\" content=\"\u01af\u1edbc t\u00ednh th\u1eddi gian \u0111\u1ecdc\" \/>\n\t<meta name=\"twitter:data1\" content=\"7 ph\u00fat\" \/>\n<script type=\"application\/ld+json\" class=\"yoast-schema-graph\">{\"@context\":\"https:\/\/schema.org\",\"@graph\":[{\"@type\":\"WebPage\",\"@id\":\"https:\/\/www.3dptek.com\/about-us\/profile\/\",\"url\":\"https:\/\/www.3dptek.com\/about-us\/profile\/\",\"name\":\"\u4e09\u5e1d\u79d1\u6280\u540c\u65f6\u62e5\u6709\u201cSLS+SLM+3DP+BJ\u201d\u5de5\u827a - \u4e09\u5e1d\u79d1\u6280\u80a1\u4efd\u6709\u9650\u516c\u53f8\",\"isPartOf\":{\"@id\":\"https:\/\/www.3dptek.com\/#website\"},\"datePublished\":\"2024-04-07T07:28:01+00:00\",\"dateModified\":\"2024-05-22T05:57:13+00:00\",\"description\":\"\u540c\u65f6\u62e5\u6709\u6fc0\u5149\u548c\u7c98\u7ed3\u5242\u55b7\u5c043D\u6253\u5370\u8bbe\u5907\u548c\u6750\u6599\u6280\u672f\u53ca\u5e94\u7528\u5de5\u827a\uff0c\u4e1a\u52a1\u6db5\u76d63D\u6253\u5370\u88c5\u5907\u3001\u539f\u6750\u6599\u7684\u7814\u53d1\u53ca\u751f\u4ea7\u3001\u91d1\u5c5e\u6210\u54c1\u4ef6\u5feb\u901f\u5236\u9020\u670d\u52a1\u30013D\u6253\u5370\u5de5\u827a\u6280\u672f\u652f\u6301\u670d\u52a1\u7b49\uff0c\u5efa\u7acb\u4e86\u5b8c\u6574\u76843D\u6253\u5370\u5feb\u901f\u5236\u9020\u4ea7\u4e1a\u94fe\uff0c\u5e7f\u6cdb\u5e94\u7528\u4e8e\u822a\u7a7a\u822a\u5929\u3001\u8239\u8236\u6cf5\u9600\u3001\u6c7d\u8f66\u3001\u80fd\u6e90\u52a8\u529b\u3001\u5de5\u4e1a\u673a\u68b0\u3001\u8f68\u9053\u4ea4\u901a\u30013C\u7535\u5b50\u3001\u6559\u80b2\u79d1\u7814\u3001\u96d5\u5851\u6587\u521b\u3001\u5eb7\u590d\u533b\u7597\u7b49\u884c\u4e1a\u3002\",\"breadcrumb\":{\"@id\":\"https:\/\/www.3dptek.com\/about-us\/profile\/#breadcrumb\"},\"inLanguage\":\"vi\",\"potentialAction\":[{\"@type\":\"ReadAction\",\"target\":[\"https:\/\/www.3dptek.com\/about-us\/profile\/\"]}]},{\"@type\":\"BreadcrumbList\",\"@id\":\"https:\/\/www.3dptek.com\/about-us\/profile\/#breadcrumb\",\"itemListElement\":[{\"@type\":\"ListItem\",\"position\":1,\"name\":\"\u9996\u9875\",\"item\":\"https:\/\/www.3dptek.com\/\"},{\"@type\":\"ListItem\",\"position\":2,\"name\":\"\u5173\u4e8e\u6211\u4eec\",\"item\":\"https:\/\/www.3dptek.com\/about-us\/\"},{\"@type\":\"ListItem\",\"position\":3,\"name\":\"\u516c\u53f8\u4ecb\u7ecd\"}]},{\"@type\":\"WebSite\",\"@id\":\"https:\/\/www.3dptek.com\/#website\",\"url\":\"https:\/\/www.3dptek.com\/\",\"name\":\"\u4e09\u5e1d\u79d1\u6280\u80a1\u4efd\u6709\u9650\u516c\u53f8\",\"description\":\"\",\"potentialAction\":[{\"@type\":\"SearchAction\",\"target\":{\"@type\":\"EntryPoint\",\"urlTemplate\":\"https:\/\/www.3dptek.com\/?s={search_term_string}\"},\"query-input\":{\"@type\":\"PropertyValueSpecification\",\"valueRequired\":true,\"valueName\":\"search_term_string\"}}],\"inLanguage\":\"vi\"}]}<\/script>\n<!-- \/ Yoast SEO Premium plugin. -->","yoast_head_json":{"title":"C\u00f4ng ty C\u1ed5 ph\u1ea7n C\u00f4ng ngh\u1ec7 San Di s\u1edf h\u1eefu \u0111\u1ed3ng th\u1eddi c\u00f4ng ngh\u1ec7 \"SLS+SLM+3DP+BJ\" - C\u00f4ng ty C\u1ed5 ph\u1ea7n C\u00f4ng ngh\u1ec7 San Di","description":"\u0110\u1ed3ng th\u1eddi s\u1edf h\u1eefu c\u00f4ng ngh\u1ec7 v\u00e0 quy tr\u00ecnh \u1ee9ng d\u1ee5ng thi\u1ebft b\u1ecb v\u00e0 v\u1eadt li\u1ec7u in 3D b\u1eb1ng tia laser v\u00e0 phun ch\u1ea5t k\u1ebft d\u00ednh, ho\u1ea1t \u0111\u1ed9ng kinh doanh bao g\u1ed3m nghi\u00ean c\u1ee9u v\u00e0 ph\u00e1t tri\u1ec3n, s\u1ea3n xu\u1ea5t thi\u1ebft b\u1ecb in 3D, nguy\u00ean li\u1ec7u th\u00f4, d\u1ecbch v\u1ee5 s\u1ea3n xu\u1ea5t nhanh c\u00e1c s\u1ea3n ph\u1ea9m kim lo\u1ea1i ho\u00e0n ch\u1ec9nh, d\u1ecbch v\u1ee5 h\u1ed7 tr\u1ee3 k\u1ef9 thu\u1eadt in 3D, v.v., \u0111\u00e3 x\u00e2y d\u1ef1ng m\u1ed9t chu\u1ed7i c\u00f4ng nghi\u1ec7p s\u1ea3n xu\u1ea5t nhanh b\u1eb1ng in 3D ho\u00e0n ch\u1ec9nh, \u0111\u01b0\u1ee3c \u1ee9ng d\u1ee5ng r\u1ed9ng r\u00e3i trong c\u00e1c ng\u00e0nh h\u00e0ng kh\u00f4ng v\u0169 tr\u1ee5, b\u01a1m van t\u00e0u th\u1ee7y, \u00f4 t\u00f4, n\u0103ng l\u01b0\u1ee3ng \u0111\u1ed9ng l\u1ef1c, m\u00e1y m\u00f3c c\u00f4ng nghi\u1ec7p, giao th\u00f4ng \u0111\u01b0\u1eddng s\u1eaft, \u0111i\u1ec7n t\u1eed 3C, gi\u00e1o d\u1ee5c khoa h\u1ecdc, \u0111i\u00eau kh\u1eafc v\u0103n h\u00f3a s\u00e1ng t\u1ea1o, y t\u1ebf ph\u1ee5c h\u1ed3i ch\u1ee9c n\u0103ng, v.v.","robots":{"index":"index","follow":"follow","max-snippet":"max-snippet:-1","max-image-preview":"max-image-preview:large","max-video-preview":"max-video-preview:-1"},"canonical":"https:\/\/www.3dptek.com\/vi\/about-us\/profile\/","og_locale":"vi_VN","og_type":"article","og_title":"\u516c\u53f8\u4ecb\u7ecd","og_description":"\u540c\u65f6\u62e5\u6709\u6fc0\u5149\u548c\u7c98\u7ed3\u5242\u55b7\u5c043D\u6253\u5370\u8bbe\u5907\u548c\u6750\u6599\u6280\u672f\u53ca\u5e94\u7528\u5de5\u827a\uff0c\u4e1a\u52a1\u6db5\u76d63D\u6253\u5370\u88c5\u5907\u3001\u539f\u6750\u6599\u7684\u7814\u53d1\u53ca\u751f\u4ea7\u3001\u91d1\u5c5e\u6210\u54c1\u4ef6\u5feb\u901f\u5236\u9020\u670d\u52a1\u30013D\u6253\u5370\u5de5\u827a\u6280\u672f\u652f\u6301\u670d\u52a1\u7b49\uff0c\u5efa\u7acb\u4e86\u5b8c\u6574\u76843D\u6253\u5370\u5feb\u901f\u5236\u9020\u4ea7\u4e1a\u94fe\uff0c\u5e7f\u6cdb\u5e94\u7528\u4e8e\u822a\u7a7a\u822a\u5929\u3001\u8239\u8236\u6cf5\u9600\u3001\u6c7d\u8f66\u3001\u80fd\u6e90\u52a8\u529b\u3001\u5de5\u4e1a\u673a\u68b0\u3001\u8f68\u9053\u4ea4\u901a\u30013C\u7535\u5b50\u3001\u6559\u80b2\u79d1\u7814\u3001\u96d5\u5851\u6587\u521b\u3001\u5eb7\u590d\u533b\u7597\u7b49\u884c\u4e1a\u3002","og_url":"https:\/\/www.3dptek.com\/vi\/about-us\/profile\/","og_site_name":"\u4e09\u5e1d\u79d1\u6280\u80a1\u4efd\u6709\u9650\u516c\u53f8","article_modified_time":"2024-05-22T05:57:13+00:00","twitter_card":"summary_large_image","twitter_misc":{"\u01af\u1edbc t\u00ednh th\u1eddi gian \u0111\u1ecdc":"7 ph\u00fat"},"schema":{"@context":"https:\/\/schema.org","@graph":[{"@type":"WebPage","@id":"https:\/\/www.3dptek.com\/about-us\/profile\/","url":"https:\/\/www.3dptek.com\/about-us\/profile\/","name":"C\u00f4ng ty C\u1ed5 ph\u1ea7n C\u00f4ng ngh\u1ec7 San Di s\u1edf h\u1eefu \u0111\u1ed3ng th\u1eddi c\u00f4ng ngh\u1ec7 \"SLS+SLM+3DP+BJ\" - C\u00f4ng ty C\u1ed5 ph\u1ea7n C\u00f4ng ngh\u1ec7 San Di","isPartOf":{"@id":"https:\/\/www.3dptek.com\/#website"},"datePublished":"2024-04-07T07:28:01+00:00","dateModified":"2024-05-22T05:57:13+00:00","description":"\u0110\u1ed3ng th\u1eddi s\u1edf h\u1eefu c\u00f4ng ngh\u1ec7 v\u00e0 quy tr\u00ecnh \u1ee9ng d\u1ee5ng thi\u1ebft b\u1ecb v\u00e0 v\u1eadt li\u1ec7u in 3D b\u1eb1ng tia laser v\u00e0 phun ch\u1ea5t k\u1ebft d\u00ednh, ho\u1ea1t \u0111\u1ed9ng kinh doanh bao g\u1ed3m nghi\u00ean c\u1ee9u v\u00e0 ph\u00e1t tri\u1ec3n, s\u1ea3n xu\u1ea5t thi\u1ebft b\u1ecb in 3D, nguy\u00ean li\u1ec7u th\u00f4, d\u1ecbch v\u1ee5 s\u1ea3n xu\u1ea5t nhanh c\u00e1c s\u1ea3n ph\u1ea9m kim lo\u1ea1i ho\u00e0n ch\u1ec9nh, d\u1ecbch v\u1ee5 h\u1ed7 tr\u1ee3 k\u1ef9 thu\u1eadt in 3D, v.v., \u0111\u00e3 x\u00e2y d\u1ef1ng m\u1ed9t chu\u1ed7i c\u00f4ng nghi\u1ec7p s\u1ea3n xu\u1ea5t nhanh b\u1eb1ng in 3D ho\u00e0n ch\u1ec9nh, \u0111\u01b0\u1ee3c \u1ee9ng d\u1ee5ng r\u1ed9ng r\u00e3i trong c\u00e1c ng\u00e0nh h\u00e0ng kh\u00f4ng v\u0169 tr\u1ee5, b\u01a1m van t\u00e0u th\u1ee7y, \u00f4 t\u00f4, n\u0103ng l\u01b0\u1ee3ng \u0111\u1ed9ng l\u1ef1c, m\u00e1y m\u00f3c c\u00f4ng nghi\u1ec7p, giao th\u00f4ng \u0111\u01b0\u1eddng s\u1eaft, \u0111i\u1ec7n t\u1eed 3C, gi\u00e1o d\u1ee5c khoa h\u1ecdc, \u0111i\u00eau kh\u1eafc v\u0103n h\u00f3a s\u00e1ng t\u1ea1o, y t\u1ebf ph\u1ee5c h\u1ed3i ch\u1ee9c n\u0103ng, v.v.","breadcrumb":{"@id":"https:\/\/www.3dptek.com\/about-us\/profile\/#breadcrumb"},"inLanguage":"vi","potentialAction":[{"@type":"ReadAction","target":["https:\/\/www.3dptek.com\/about-us\/profile\/"]}]},{"@type":"BreadcrumbList","@id":"https:\/\/www.3dptek.com\/about-us\/profile\/#breadcrumb","itemListElement":[{"@type":"ListItem","position":1,"name":"\u9996\u9875","item":"https:\/\/www.3dptek.com\/"},{"@type":"ListItem","position":2,"name":"\u5173\u4e8e\u6211\u4eec","item":"https:\/\/www.3dptek.com\/about-us\/"},{"@type":"ListItem","position":3,"name":"\u516c\u53f8\u4ecb\u7ecd"}]},{"@type":"WebSite","@id":"https:\/\/www.3dptek.com\/#website","url":"https:\/\/www.3dptek.com\/","name":"C\u00f4ng ty C\u1ed5 ph\u1ea7n C\u00f4ng ngh\u1ec7 Tam \u0110\u1ebf","description":"","potentialAction":[{"@type":"SearchAction","target":{"@type":"EntryPoint","urlTemplate":"https:\/\/www.3dptek.com\/?s={search_term_string}"},"query-input":{"@type":"PropertyValueSpecification","valueRequired":true,"valueName":"search_term_string"}}],"inLanguage":"vi"}]}},"_links":{"self":[{"href":"https:\/\/www.3dptek.com\/vi\/wp-json\/wp\/v2\/pages\/318","targetHints":{"allow":["GET"]}}],"collection":[{"href":"https:\/\/www.3dptek.com\/vi\/wp-json\/wp\/v2\/pages"}],"about":[{"href":"https:\/\/www.3dptek.com\/vi\/wp-json\/wp\/v2\/types\/page"}],"author":[{"embeddable":true,"href":"https:\/\/www.3dptek.com\/vi\/wp-json\/wp\/v2\/users\/1"}],"replies":[{"embeddable":true,"href":"https:\/\/www.3dptek.com\/vi\/wp-json\/wp\/v2\/comments?post=318"}],"version-history":[{"count":1,"href":"https:\/\/www.3dptek.com\/vi\/wp-json\/wp\/v2\/pages\/318\/revisions"}],"predecessor-version":[{"id":319,"href":"https:\/\/www.3dptek.com\/vi\/wp-json\/wp\/v2\/pages\/318\/revisions\/319"}],"up":[{"embeddable":true,"href":"https:\/\/www.3dptek.com\/vi\/wp-json\/wp\/v2\/pages\/316"}],"wp:attachment":[{"href":"https:\/\/www.3dptek.com\/vi\/wp-json\/wp\/v2\/media?parent=318"}],"curies":[{"name":"wp","href":"https:\/\/api.w.org\/{rel}","templated":true}]}}