{"id":311,"date":"2024-04-07T14:19:51","date_gmt":"2024-04-07T06:19:51","guid":{"rendered":"https:\/\/test.3dptek.com\/?page_id=311"},"modified":"2024-07-18T13:52:49","modified_gmt":"2024-07-18T05:52:49","slug":"3d-printing-materials-and-processes","status":"publish","type":"page","link":"https:\/\/www.3dptek.com\/vi\/materials\/3d-printing-materials-and-processes\/","title":{"rendered":"V\u1eadt li\u1ec7u v\u00e0 quy tr\u00ecnh in 3D"},"content":{"rendered":"","protected":false},"excerpt":{"rendered":"","protected":false},"author":1,"featured_media":0,"parent":309,"menu_order":0,"comment_status":"closed","ping_status":"closed","template":"","meta":{"_yoast_wpseo_focuskw":"","_yoast_wpseo_title":"\u7c98\u7ed3\u5242\u30013D\u6253\u5370\u539f\u6599\uff0c\u79cd\u7c7b\u9f50\u5168\u76843D\u6253\u5370\u6750\u6599\u5382\u5bb6 %%sep%% %%sitename%%","_yoast_wpseo_metadesc":"\u4e09\u5e1d\u79d1\u6280\u6df1\u5ea6\u5f00\u53d1\u4e86\u9002\u7528\u4e8e\u94f8\u94dd\u3001\u94f8\u94dc\u3001\u94f8\u94c1\u3001\u94f8\u9541\u3001\u94f8\u94a2\u7b49\u94f8\u9020\u9886\u57df\u8fd1 30 \u79cd\u7684\u6750\u6599\u5de5\u827a\u914d\u65b9\u53ca\u9488\u5bf9\u4e0d\u9508\u94a2\u3001\u6a21\u5177\u94a2\u3001SiC \u9676\u74f7\u7b49 BJ\u6210\u578b\u7c89\u672b\u6750\u6599\u7684\u9002\u914d\u6027\u5de5\u827a\u914d\u65b9\u3002","footnotes":""},"class_list":["post-311","page","type-page","status-publish","hentry"],"acf":[],"yoast_head":"\n\u7c98\u7ed3\u5242\u30013D\u6253\u5370\u539f\u6599\uff0c\u79cd\u7c7b\u9f50\u5168\u76843D\u6253\u5370\u6750\u6599\u5382\u5bb6 - \u4e09\u5e1d\u79d1\u6280\u80a1\u4efd\u6709\u9650\u516c\u53f8<\/title>\n<meta name=\"description\" content=\"\u4e09\u5e1d\u79d1\u6280\u6df1\u5ea6\u5f00\u53d1\u4e86\u9002\u7528\u4e8e\u94f8\u94dd\u3001\u94f8\u94dc\u3001\u94f8\u94c1\u3001\u94f8\u9541\u3001\u94f8\u94a2\u7b49\u94f8\u9020\u9886\u57df\u8fd1 30 \u79cd\u7684\u6750\u6599\u5de5\u827a\u914d\u65b9\u53ca\u9488\u5bf9\u4e0d\u9508\u94a2\u3001\u6a21\u5177\u94a2\u3001SiC \u9676\u74f7\u7b49 BJ\u6210\u578b\u7c89\u672b\u6750\u6599\u7684\u9002\u914d\u6027\u5de5\u827a\u914d\u65b9\u3002\" \/>\n<meta name=\"robots\" content=\"index, follow, max-snippet:-1, max-image-preview:large, max-video-preview:-1\" \/>\n<link rel=\"canonical\" href=\"https:\/\/www.3dptek.com\/vi\/materials\/3d-printing-materials-and-processes\/\" \/>\n<meta property=\"og:locale\" content=\"vi_VN\" \/>\n<meta property=\"og:type\" content=\"article\" \/>\n<meta property=\"og:title\" content=\"3D\u6253\u5370\u6750\u6599\u53ca\u5de5\u827a\" \/>\n<meta property=\"og:description\" content=\"\u4e09\u5e1d\u79d1\u6280\u6df1\u5ea6\u5f00\u53d1\u4e86\u9002\u7528\u4e8e\u94f8\u94dd\u3001\u94f8\u94dc\u3001\u94f8\u94c1\u3001\u94f8\u9541\u3001\u94f8\u94a2\u7b49\u94f8\u9020\u9886\u57df\u8fd1 30 \u79cd\u7684\u6750\u6599\u5de5\u827a\u914d\u65b9\u53ca\u9488\u5bf9\u4e0d\u9508\u94a2\u3001\u6a21\u5177\u94a2\u3001SiC \u9676\u74f7\u7b49 BJ\u6210\u578b\u7c89\u672b\u6750\u6599\u7684\u9002\u914d\u6027\u5de5\u827a\u914d\u65b9\u3002\" \/>\n<meta property=\"og:url\" content=\"https:\/\/www.3dptek.com\/vi\/materials\/3d-printing-materials-and-processes\/\" \/>\n<meta property=\"og:site_name\" content=\"\u4e09\u5e1d\u79d1\u6280\u80a1\u4efd\u6709\u9650\u516c\u53f8\" \/>\n<meta property=\"article:modified_time\" content=\"2024-07-18T05:52:49+00:00\" \/>\n<meta name=\"twitter:card\" content=\"summary_large_image\" \/>\n<meta name=\"twitter:label1\" content=\"\u01af\u1edbc t\u00ednh th\u1eddi gian \u0111\u1ecdc\" \/>\n\t<meta name=\"twitter:data1\" content=\"1 ph\u00fat\" \/>\n<script type=\"application\/ld+json\" class=\"yoast-schema-graph\">{\"@context\":\"https:\/\/schema.org\",\"@graph\":[{\"@type\":\"WebPage\",\"@id\":\"https:\/\/www.3dptek.com\/materials\/3d-printing-materials-and-processes\/\",\"url\":\"https:\/\/www.3dptek.com\/materials\/3d-printing-materials-and-processes\/\",\"name\":\"\u7c98\u7ed3\u5242\u30013D\u6253\u5370\u539f\u6599\uff0c\u79cd\u7c7b\u9f50\u5168\u76843D\u6253\u5370\u6750\u6599\u5382\u5bb6 - \u4e09\u5e1d\u79d1\u6280\u80a1\u4efd\u6709\u9650\u516c\u53f8\",\"isPartOf\":{\"@id\":\"https:\/\/www.3dptek.com\/#website\"},\"datePublished\":\"2024-04-07T06:19:51+00:00\",\"dateModified\":\"2024-07-18T05:52:49+00:00\",\"description\":\"\u4e09\u5e1d\u79d1\u6280\u6df1\u5ea6\u5f00\u53d1\u4e86\u9002\u7528\u4e8e\u94f8\u94dd\u3001\u94f8\u94dc\u3001\u94f8\u94c1\u3001\u94f8\u9541\u3001\u94f8\u94a2\u7b49\u94f8\u9020\u9886\u57df\u8fd1 30 \u79cd\u7684\u6750\u6599\u5de5\u827a\u914d\u65b9\u53ca\u9488\u5bf9\u4e0d\u9508\u94a2\u3001\u6a21\u5177\u94a2\u3001SiC \u9676\u74f7\u7b49 BJ\u6210\u578b\u7c89\u672b\u6750\u6599\u7684\u9002\u914d\u6027\u5de5\u827a\u914d\u65b9\u3002\",\"breadcrumb\":{\"@id\":\"https:\/\/www.3dptek.com\/materials\/3d-printing-materials-and-processes\/#breadcrumb\"},\"inLanguage\":\"vi\",\"potentialAction\":[{\"@type\":\"ReadAction\",\"target\":[\"https:\/\/www.3dptek.com\/materials\/3d-printing-materials-and-processes\/\"]}]},{\"@type\":\"BreadcrumbList\",\"@id\":\"https:\/\/www.3dptek.com\/materials\/3d-printing-materials-and-processes\/#breadcrumb\",\"itemListElement\":[{\"@type\":\"ListItem\",\"position\":1,\"name\":\"\u9996\u9875\",\"item\":\"https:\/\/www.3dptek.com\/\"},{\"@type\":\"ListItem\",\"position\":2,\"name\":\"\u6750\u6599\",\"item\":\"https:\/\/www.3dptek.com\/materials\/\"},{\"@type\":\"ListItem\",\"position\":3,\"name\":\"3D\u6253\u5370\u6750\u6599\u53ca\u5de5\u827a\"}]},{\"@type\":\"WebSite\",\"@id\":\"https:\/\/www.3dptek.com\/#website\",\"url\":\"https:\/\/www.3dptek.com\/\",\"name\":\"\u4e09\u5e1d\u79d1\u6280\u80a1\u4efd\u6709\u9650\u516c\u53f8\",\"description\":\"\",\"potentialAction\":[{\"@type\":\"SearchAction\",\"target\":{\"@type\":\"EntryPoint\",\"urlTemplate\":\"https:\/\/www.3dptek.com\/?s={search_term_string}\"},\"query-input\":{\"@type\":\"PropertyValueSpecification\",\"valueRequired\":true,\"valueName\":\"search_term_string\"}}],\"inLanguage\":\"vi\"}]}<\/script>\n<!-- \/ Yoast SEO Premium plugin. -->","yoast_head_json":{"title":"Ch\u1ea5t k\u1ebft d\u00ednh, nguy\u00ean li\u1ec7u in 3D, nh\u00e0 s\u1ea3n xu\u1ea5t v\u1eadt li\u1ec7u in 3D \u0111a d\u1ea1ng - C\u00f4ng ty C\u1ed5 ph\u1ea7n C\u00f4ng ngh\u1ec7 San Di","description":"C\u00f4ng ty C\u00f4ng ngh\u1ec7 San Di \u0111\u00e3 nghi\u00ean c\u1ee9u v\u00e0 ph\u00e1t tri\u1ec3n s\u00e2u r\u1ed9ng g\u1ea7n 30 c\u00f4ng th\u1ee9c c\u00f4ng ngh\u1ec7 v\u1eadt li\u1ec7u \u00e1p d\u1ee5ng cho c\u00e1c l\u0129nh v\u1ef1c \u0111\u00fac nh\u00f4m, \u0111\u00fac \u0111\u1ed3ng, \u0111\u00fac s\u1eaft, \u0111\u00fac magi\u00ea, \u0111\u00fac th\u00e9p, c\u00f9ng v\u1edbi c\u00e1c c\u00f4ng th\u1ee9c c\u00f4ng ngh\u1ec7 t\u01b0\u01a1ng th\u00edch cho c\u00e1c v\u1eadt li\u1ec7u b\u1ed9t \u0111\u1ecbnh h\u00ecnh BJ nh\u01b0 th\u00e9p kh\u00f4ng g\u1ec9, th\u00e9p khu\u00f4n, g\u1ed1m SiC.","robots":{"index":"index","follow":"follow","max-snippet":"max-snippet:-1","max-image-preview":"max-image-preview:large","max-video-preview":"max-video-preview:-1"},"canonical":"https:\/\/www.3dptek.com\/vi\/materials\/3d-printing-materials-and-processes\/","og_locale":"vi_VN","og_type":"article","og_title":"3D\u6253\u5370\u6750\u6599\u53ca\u5de5\u827a","og_description":"\u4e09\u5e1d\u79d1\u6280\u6df1\u5ea6\u5f00\u53d1\u4e86\u9002\u7528\u4e8e\u94f8\u94dd\u3001\u94f8\u94dc\u3001\u94f8\u94c1\u3001\u94f8\u9541\u3001\u94f8\u94a2\u7b49\u94f8\u9020\u9886\u57df\u8fd1 30 \u79cd\u7684\u6750\u6599\u5de5\u827a\u914d\u65b9\u53ca\u9488\u5bf9\u4e0d\u9508\u94a2\u3001\u6a21\u5177\u94a2\u3001SiC \u9676\u74f7\u7b49 BJ\u6210\u578b\u7c89\u672b\u6750\u6599\u7684\u9002\u914d\u6027\u5de5\u827a\u914d\u65b9\u3002","og_url":"https:\/\/www.3dptek.com\/vi\/materials\/3d-printing-materials-and-processes\/","og_site_name":"\u4e09\u5e1d\u79d1\u6280\u80a1\u4efd\u6709\u9650\u516c\u53f8","article_modified_time":"2024-07-18T05:52:49+00:00","twitter_card":"summary_large_image","twitter_misc":{"\u01af\u1edbc t\u00ednh th\u1eddi gian \u0111\u1ecdc":"1 ph\u00fat"},"schema":{"@context":"https:\/\/schema.org","@graph":[{"@type":"WebPage","@id":"https:\/\/www.3dptek.com\/materials\/3d-printing-materials-and-processes\/","url":"https:\/\/www.3dptek.com\/materials\/3d-printing-materials-and-processes\/","name":"Ch\u1ea5t k\u1ebft d\u00ednh, nguy\u00ean li\u1ec7u in 3D, nh\u00e0 s\u1ea3n xu\u1ea5t v\u1eadt li\u1ec7u in 3D \u0111a d\u1ea1ng - C\u00f4ng ty C\u1ed5 ph\u1ea7n C\u00f4ng ngh\u1ec7 San Di","isPartOf":{"@id":"https:\/\/www.3dptek.com\/#website"},"datePublished":"2024-04-07T06:19:51+00:00","dateModified":"2024-07-18T05:52:49+00:00","description":"C\u00f4ng ty C\u00f4ng ngh\u1ec7 San Di \u0111\u00e3 nghi\u00ean c\u1ee9u v\u00e0 ph\u00e1t tri\u1ec3n s\u00e2u r\u1ed9ng g\u1ea7n 30 c\u00f4ng th\u1ee9c c\u00f4ng ngh\u1ec7 v\u1eadt li\u1ec7u \u00e1p d\u1ee5ng cho c\u00e1c l\u0129nh v\u1ef1c \u0111\u00fac nh\u00f4m, \u0111\u00fac \u0111\u1ed3ng, \u0111\u00fac s\u1eaft, \u0111\u00fac magi\u00ea, \u0111\u00fac th\u00e9p, c\u00f9ng v\u1edbi c\u00e1c c\u00f4ng th\u1ee9c c\u00f4ng ngh\u1ec7 t\u01b0\u01a1ng th\u00edch cho c\u00e1c v\u1eadt li\u1ec7u b\u1ed9t \u0111\u1ecbnh h\u00ecnh BJ nh\u01b0 th\u00e9p kh\u00f4ng g\u1ec9, th\u00e9p khu\u00f4n, g\u1ed1m SiC.","breadcrumb":{"@id":"https:\/\/www.3dptek.com\/materials\/3d-printing-materials-and-processes\/#breadcrumb"},"inLanguage":"vi","potentialAction":[{"@type":"ReadAction","target":["https:\/\/www.3dptek.com\/materials\/3d-printing-materials-and-processes\/"]}]},{"@type":"BreadcrumbList","@id":"https:\/\/www.3dptek.com\/materials\/3d-printing-materials-and-processes\/#breadcrumb","itemListElement":[{"@type":"ListItem","position":1,"name":"\u9996\u9875","item":"https:\/\/www.3dptek.com\/"},{"@type":"ListItem","position":2,"name":"\u6750\u6599","item":"https:\/\/www.3dptek.com\/materials\/"},{"@type":"ListItem","position":3,"name":"3D\u6253\u5370\u6750\u6599\u53ca\u5de5\u827a"}]},{"@type":"WebSite","@id":"https:\/\/www.3dptek.com\/#website","url":"https:\/\/www.3dptek.com\/","name":"C\u00f4ng ty C\u1ed5 ph\u1ea7n C\u00f4ng ngh\u1ec7 Tam \u0110\u1ebf","description":"","potentialAction":[{"@type":"SearchAction","target":{"@type":"EntryPoint","urlTemplate":"https:\/\/www.3dptek.com\/?s={search_term_string}"},"query-input":{"@type":"PropertyValueSpecification","valueRequired":true,"valueName":"search_term_string"}}],"inLanguage":"vi"}]}},"_links":{"self":[{"href":"https:\/\/www.3dptek.com\/vi\/wp-json\/wp\/v2\/pages\/311","targetHints":{"allow":["GET"]}}],"collection":[{"href":"https:\/\/www.3dptek.com\/vi\/wp-json\/wp\/v2\/pages"}],"about":[{"href":"https:\/\/www.3dptek.com\/vi\/wp-json\/wp\/v2\/types\/page"}],"author":[{"embeddable":true,"href":"https:\/\/www.3dptek.com\/vi\/wp-json\/wp\/v2\/users\/1"}],"replies":[{"embeddable":true,"href":"https:\/\/www.3dptek.com\/vi\/wp-json\/wp\/v2\/comments?post=311"}],"version-history":[{"count":2,"href":"https:\/\/www.3dptek.com\/vi\/wp-json\/wp\/v2\/pages\/311\/revisions"}],"predecessor-version":[{"id":1578,"href":"https:\/\/www.3dptek.com\/vi\/wp-json\/wp\/v2\/pages\/311\/revisions\/1578"}],"up":[{"embeddable":true,"href":"https:\/\/www.3dptek.com\/vi\/wp-json\/wp\/v2\/pages\/309"}],"wp:attachment":[{"href":"https:\/\/www.3dptek.com\/vi\/wp-json\/wp\/v2\/media?parent=311"}],"curies":[{"name":"wp","href":"https:\/\/api.w.org\/{rel}","templated":true}]}}