{"id":47,"date":"2024-03-27T11:32:02","date_gmt":"2024-03-27T03:32:02","guid":{"rendered":"https:\/\/www.3dptek.com\/?page_id=47"},"modified":"2024-05-21T17:35:27","modified_gmt":"2024-05-21T09:35:27","slug":"3dptek","status":"publish","type":"page","link":"https:\/\/www.3dptek.com\/tr\/","title":{"rendered":"\u015fekil. ba\u015flang\u0131\u00e7"},"content":{"rendered":"","protected":false},"excerpt":{"rendered":"","protected":false},"author":1,"featured_media":0,"parent":0,"menu_order":0,"comment_status":"closed","ping_status":"closed","template":"","meta":{"_yoast_wpseo_focuskw":"","_yoast_wpseo_title":"\u5de5\u4e1a3D\u6253\u5370\u88c5\u5907\u4e0e\u5feb\u901f\u5236\u9020\u670d\u52a1\u63d0\u4f9b\u5546\uff0c\u56fd\u5bb6\u9ad8\u65b0\u6280\u672f\u4f01\u4e1a\uff0c\u4e13\u7cbe\u7279\u65b0\u4f01\u4e1a\uff0c\u5de5\u4fe1\u90e8\u589e\u6750\u5236\u9020\u5178\u578b\u5e94\u7528\u573a\u666f\u4f9b\u5e94\u5546 %%sep%% %%sitename%%","_yoast_wpseo_metadesc":"\u4e09\u5e1d\u79d1\u6280\u662f\u4e00\u5bb63D\u6253\u5370\u88c5\u5907\u4e0e\u5feb\u901f\u5236\u9020\u670d\u52a1\u63d0\u4f9b\u5546\uff0c\u56fd\u5bb6\u9ad8\u65b0\u6280\u672f\u4f01\u4e1a\uff0c\u4e13\u7cbe\u7279\u65b0\u4f01\u4e1a\uff0c\u5de5\u4fe1\u90e8\u589e\u6750\u5236\u9020\u5178\u578b\u5e94\u7528\u573a\u666f\u4f9b\u5e94\u5546\u3002","footnotes":""},"class_list":["post-47","page","type-page","status-publish","hentry"],"acf":[],"yoast_head":"\n\u5de5\u4e1a3D\u6253\u5370\u88c5\u5907\u4e0e\u5feb\u901f\u5236\u9020\u670d\u52a1\u63d0\u4f9b\u5546\uff0c\u56fd\u5bb6\u9ad8\u65b0\u6280\u672f\u4f01\u4e1a\uff0c\u4e13\u7cbe\u7279\u65b0\u4f01\u4e1a\uff0c\u5de5\u4fe1\u90e8\u589e\u6750\u5236\u9020\u5178\u578b\u5e94\u7528\u573a\u666f\u4f9b\u5e94\u5546 - \u4e09\u5e1d\u79d1\u6280\u80a1\u4efd\u6709\u9650\u516c\u53f8<\/title>\n<meta name=\"description\" content=\"\u4e09\u5e1d\u79d1\u6280\u662f\u4e00\u5bb63D\u6253\u5370\u88c5\u5907\u4e0e\u5feb\u901f\u5236\u9020\u670d\u52a1\u63d0\u4f9b\u5546\uff0c\u56fd\u5bb6\u9ad8\u65b0\u6280\u672f\u4f01\u4e1a\uff0c\u4e13\u7cbe\u7279\u65b0\u4f01\u4e1a\uff0c\u5de5\u4fe1\u90e8\u589e\u6750\u5236\u9020\u5178\u578b\u5e94\u7528\u573a\u666f\u4f9b\u5e94\u5546\u3002\" \/>\n<meta name=\"robots\" content=\"index, follow, max-snippet:-1, max-image-preview:large, max-video-preview:-1\" \/>\n<link rel=\"canonical\" href=\"https:\/\/www.3dptek.com\/tr\/\" \/>\n<meta property=\"og:locale\" content=\"tr_TR\" \/>\n<meta property=\"og:type\" content=\"article\" \/>\n<meta property=\"og:title\" content=\"\u9996\u9875\" \/>\n<meta property=\"og:description\" content=\"\u4e09\u5e1d\u79d1\u6280\u662f\u4e00\u5bb63D\u6253\u5370\u88c5\u5907\u4e0e\u5feb\u901f\u5236\u9020\u670d\u52a1\u63d0\u4f9b\u5546\uff0c\u56fd\u5bb6\u9ad8\u65b0\u6280\u672f\u4f01\u4e1a\uff0c\u4e13\u7cbe\u7279\u65b0\u4f01\u4e1a\uff0c\u5de5\u4fe1\u90e8\u589e\u6750\u5236\u9020\u5178\u578b\u5e94\u7528\u573a\u666f\u4f9b\u5e94\u5546\u3002\" \/>\n<meta property=\"og:url\" content=\"https:\/\/www.3dptek.com\/tr\/\" \/>\n<meta property=\"og:site_name\" content=\"\u4e09\u5e1d\u79d1\u6280\u80a1\u4efd\u6709\u9650\u516c\u53f8\" \/>\n<meta property=\"article:modified_time\" content=\"2024-05-21T09:35:27+00:00\" \/>\n<meta name=\"twitter:card\" content=\"summary_large_image\" \/>\n<meta name=\"twitter:label1\" content=\"Tahmini okuma s\u00fcresi\" \/>\n\t<meta name=\"twitter:data1\" content=\"7 dakika\" \/>\n<script type=\"application\/ld+json\" class=\"yoast-schema-graph\">{\"@context\":\"https:\/\/schema.org\",\"@graph\":[{\"@type\":\"WebPage\",\"@id\":\"https:\/\/www.3dptek.com\/\",\"url\":\"https:\/\/www.3dptek.com\/\",\"name\":\"\u5de5\u4e1a3D\u6253\u5370\u88c5\u5907\u4e0e\u5feb\u901f\u5236\u9020\u670d\u52a1\u63d0\u4f9b\u5546\uff0c\u56fd\u5bb6\u9ad8\u65b0\u6280\u672f\u4f01\u4e1a\uff0c\u4e13\u7cbe\u7279\u65b0\u4f01\u4e1a\uff0c\u5de5\u4fe1\u90e8\u589e\u6750\u5236\u9020\u5178\u578b\u5e94\u7528\u573a\u666f\u4f9b\u5e94\u5546 - \u4e09\u5e1d\u79d1\u6280\u80a1\u4efd\u6709\u9650\u516c\u53f8\",\"isPartOf\":{\"@id\":\"https:\/\/www.3dptek.com\/#website\"},\"datePublished\":\"2024-03-27T03:32:02+00:00\",\"dateModified\":\"2024-05-21T09:35:27+00:00\",\"description\":\"\u4e09\u5e1d\u79d1\u6280\u662f\u4e00\u5bb63D\u6253\u5370\u88c5\u5907\u4e0e\u5feb\u901f\u5236\u9020\u670d\u52a1\u63d0\u4f9b\u5546\uff0c\u56fd\u5bb6\u9ad8\u65b0\u6280\u672f\u4f01\u4e1a\uff0c\u4e13\u7cbe\u7279\u65b0\u4f01\u4e1a\uff0c\u5de5\u4fe1\u90e8\u589e\u6750\u5236\u9020\u5178\u578b\u5e94\u7528\u573a\u666f\u4f9b\u5e94\u5546\u3002\",\"breadcrumb\":{\"@id\":\"https:\/\/www.3dptek.com\/#breadcrumb\"},\"inLanguage\":\"tr\",\"potentialAction\":[{\"@type\":\"ReadAction\",\"target\":[\"https:\/\/www.3dptek.com\/\"]}]},{\"@type\":\"BreadcrumbList\",\"@id\":\"https:\/\/www.3dptek.com\/#breadcrumb\",\"itemListElement\":[{\"@type\":\"ListItem\",\"position\":1,\"name\":\"\u9996\u9875\",\"item\":\"https:\/\/www.3dptek.com\/\"},{\"@type\":\"ListItem\",\"position\":2,\"name\":\"\u9996\u9875\"}]},{\"@type\":\"WebSite\",\"@id\":\"https:\/\/www.3dptek.com\/#website\",\"url\":\"https:\/\/www.3dptek.com\/\",\"name\":\"\u4e09\u5e1d\u79d1\u6280\u80a1\u4efd\u6709\u9650\u516c\u53f8\",\"description\":\"\",\"potentialAction\":[{\"@type\":\"SearchAction\",\"target\":{\"@type\":\"EntryPoint\",\"urlTemplate\":\"https:\/\/www.3dptek.com\/?s={search_term_string}\"},\"query-input\":{\"@type\":\"PropertyValueSpecification\",\"valueRequired\":true,\"valueName\":\"search_term_string\"}}],\"inLanguage\":\"tr\"}]}<\/script>\n<!-- \/ Yoast SEO Premium plugin. -->","yoast_head_json":{"title":"End\u00fcstriyel 3D bask\u0131 ekipman\u0131 ve h\u0131zl\u0131 \u00fcretim hizmeti sa\u011flay\u0131c\u0131s\u0131, ulusal y\u00fcksek teknoloji i\u015fletmeleri, yeni i\u015fletmelerde uzmanla\u015fm\u0131\u015f, Sanayi ve Bilgi Teknolojileri Bakanl\u0131\u011f\u0131 katk\u0131l\u0131 \u00fcretim tipik uygulama senaryolar\u0131 tedarik\u00e7isi - SANDI TECHNOLOGY CO.","description":"3D Printing Technology, bir 3D bask\u0131 ekipman\u0131 ve h\u0131zl\u0131 \u00fcretim hizmeti sa\u011flay\u0131c\u0131s\u0131, ulusal bir y\u00fcksek teknoloji kurulu\u015fu, uzman bir kurulu\u015f ve Sanayi ve Bilgi Teknolojileri Bakanl\u0131\u011f\u0131 (MIIT) i\u00e7in katmanl\u0131 \u00fcretimin tipik uygulama senaryolar\u0131n\u0131n tedarik\u00e7isidir.","robots":{"index":"index","follow":"follow","max-snippet":"max-snippet:-1","max-image-preview":"max-image-preview:large","max-video-preview":"max-video-preview:-1"},"canonical":"https:\/\/www.3dptek.com\/tr\/","og_locale":"tr_TR","og_type":"article","og_title":"\u9996\u9875","og_description":"\u4e09\u5e1d\u79d1\u6280\u662f\u4e00\u5bb63D\u6253\u5370\u88c5\u5907\u4e0e\u5feb\u901f\u5236\u9020\u670d\u52a1\u63d0\u4f9b\u5546\uff0c\u56fd\u5bb6\u9ad8\u65b0\u6280\u672f\u4f01\u4e1a\uff0c\u4e13\u7cbe\u7279\u65b0\u4f01\u4e1a\uff0c\u5de5\u4fe1\u90e8\u589e\u6750\u5236\u9020\u5178\u578b\u5e94\u7528\u573a\u666f\u4f9b\u5e94\u5546\u3002","og_url":"https:\/\/www.3dptek.com\/tr\/","og_site_name":"\u4e09\u5e1d\u79d1\u6280\u80a1\u4efd\u6709\u9650\u516c\u53f8","article_modified_time":"2024-05-21T09:35:27+00:00","twitter_card":"summary_large_image","twitter_misc":{"Tahmini okuma s\u00fcresi":"7 dakika"},"schema":{"@context":"https:\/\/schema.org","@graph":[{"@type":"WebPage","@id":"https:\/\/www.3dptek.com\/","url":"https:\/\/www.3dptek.com\/","name":"End\u00fcstriyel 3D bask\u0131 ekipman\u0131 ve h\u0131zl\u0131 \u00fcretim hizmeti sa\u011flay\u0131c\u0131s\u0131, ulusal y\u00fcksek teknoloji i\u015fletmeleri, yeni i\u015fletmelerde uzmanla\u015fm\u0131\u015f, Sanayi ve Bilgi Teknolojileri Bakanl\u0131\u011f\u0131 katk\u0131l\u0131 \u00fcretim tipik uygulama senaryolar\u0131 tedarik\u00e7isi - SANDI TECHNOLOGY CO.","isPartOf":{"@id":"https:\/\/www.3dptek.com\/#website"},"datePublished":"2024-03-27T03:32:02+00:00","dateModified":"2024-05-21T09:35:27+00:00","description":"3D Printing Technology, bir 3D bask\u0131 ekipman\u0131 ve h\u0131zl\u0131 \u00fcretim hizmeti sa\u011flay\u0131c\u0131s\u0131, ulusal bir y\u00fcksek teknoloji kurulu\u015fu, uzman bir kurulu\u015f ve Sanayi ve Bilgi Teknolojileri Bakanl\u0131\u011f\u0131 (MIIT) i\u00e7in katmanl\u0131 \u00fcretimin tipik uygulama senaryolar\u0131n\u0131n tedarik\u00e7isidir.","breadcrumb":{"@id":"https:\/\/www.3dptek.com\/#breadcrumb"},"inLanguage":"tr","potentialAction":[{"@type":"ReadAction","target":["https:\/\/www.3dptek.com\/"]}]},{"@type":"BreadcrumbList","@id":"https:\/\/www.3dptek.com\/#breadcrumb","itemListElement":[{"@type":"ListItem","position":1,"name":"\u9996\u9875","item":"https:\/\/www.3dptek.com\/"},{"@type":"ListItem","position":2,"name":"\u9996\u9875"}]},{"@type":"WebSite","@id":"https:\/\/www.3dptek.com\/#website","url":"https:\/\/www.3dptek.com\/","name":"3D Printing Technology, Inc.","description":"","potentialAction":[{"@type":"SearchAction","target":{"@type":"EntryPoint","urlTemplate":"https:\/\/www.3dptek.com\/?s={search_term_string}"},"query-input":{"@type":"PropertyValueSpecification","valueRequired":true,"valueName":"search_term_string"}}],"inLanguage":"tr"}]}},"_links":{"self":[{"href":"https:\/\/www.3dptek.com\/tr\/wp-json\/wp\/v2\/pages\/47","targetHints":{"allow":["GET"]}}],"collection":[{"href":"https:\/\/www.3dptek.com\/tr\/wp-json\/wp\/v2\/pages"}],"about":[{"href":"https:\/\/www.3dptek.com\/tr\/wp-json\/wp\/v2\/types\/page"}],"author":[{"embeddable":true,"href":"https:\/\/www.3dptek.com\/tr\/wp-json\/wp\/v2\/users\/1"}],"replies":[{"embeddable":true,"href":"https:\/\/www.3dptek.com\/tr\/wp-json\/wp\/v2\/comments?post=47"}],"version-history":[{"count":1,"href":"https:\/\/www.3dptek.com\/tr\/wp-json\/wp\/v2\/pages\/47\/revisions"}],"predecessor-version":[{"id":48,"href":"https:\/\/www.3dptek.com\/tr\/wp-json\/wp\/v2\/pages\/47\/revisions\/48"}],"wp:attachment":[{"href":"https:\/\/www.3dptek.com\/tr\/wp-json\/wp\/v2\/media?parent=47"}],"curies":[{"name":"wp","href":"https:\/\/api.w.org\/{rel}","templated":true}]}}