{"id":377,"date":"2024-04-10T11:42:50","date_gmt":"2024-04-10T03:42:50","guid":{"rendered":"https:\/\/test.3dptek.com\/?page_id=377"},"modified":"2026-01-21T17:45:57","modified_gmt":"2026-01-21T09:45:57","slug":"3dptek-j4000","status":"publish","type":"page","link":"https:\/\/www.3dptek.com\/fr\/industrial-3d-printers\/sand-3d-printer\/3dptek-j4000\/","title":{"rendered":"Imprimante 3D \u00e0 sable : 3DPTEK-J4000"},"content":{"rendered":"","protected":false},"excerpt":{"rendered":"","protected":false},"author":1,"featured_media":1803,"parent":189,"menu_order":0,"comment_status":"closed","ping_status":"closed","template":"","meta":{"_yoast_wpseo_focuskw":"","_yoast_wpseo_title":"\u9769\u547d\u6027\u7684\u8d85\u5927\u5c3a\u5bf8\u7802\u578b3D\u6253\u5370\u673a\uff1a3DPTEK-J4000 %%sep%% %%sitename%%","_yoast_wpseo_metadesc":"\u7a81\u7834\u4f20\u7edf\u52a0\u5de5\u5c3a\u5bf8\u9650\u5236\uff0c\u6700\u5927\u53ef\u6210\u578b 4\u7c73\u7684\u7802\u578b\u3002\u7ecf\u6d4e\u3001\u7075\u6d3b\uff0c\u4ee5\u66f4\u4f4e\u7684\u5355\u4f4d\u6210\u672c\u548c\u66f4\u77ed\u7684\u4ea4\u4ed8\u65f6\u95f4\uff0c\u7ecf\u6d4e\u9ad8\u6548\u5730\u5b9e\u73b0\u8d85\u5927\u5c3a\u5bf8\u7684\u7802\u578b\u5236\u9020\uff0c\u5e76\u53ef\u6839\u636e\u7528\u6237\u9700\u6c42\u6309\u9700\u5b9a\u5236\u6269\u5c55\u6253\u5370\u5e73\u53f0\uff0c\u6ee1\u8db3 10\u7c73+\u7ea7\u7684\u751f\u4ea7\u9700\u6c42(6 \u7c73 \/8 \u7c73 \/10 \u7c73\u8bbe\u5907\u5df2\u5728\u540c\u6b65\u63a5\u53d7\u9884\u5b9a)\uff0c\u5e2e\u52a9\u7528\u6237\u6700\u5927\u9650\u5ea6\u5730\u63d0\u9ad8\u751f\u4ea7\u529b\u3002","footnotes":""},"class_list":["post-377","page","type-page","status-publish","has-post-thumbnail","hentry"],"acf":[],"yoast_head":"\n\u9769\u547d\u6027\u7684\u8d85\u5927\u5c3a\u5bf8\u7802\u578b3D\u6253\u5370\u673a\uff1a3DPTEK-J4000 - \u4e09\u5e1d\u79d1\u6280\u80a1\u4efd\u6709\u9650\u516c\u53f8<\/title>\n<meta name=\"description\" content=\"\u7a81\u7834\u4f20\u7edf\u52a0\u5de5\u5c3a\u5bf8\u9650\u5236\uff0c\u6700\u5927\u53ef\u6210\u578b 4\u7c73\u7684\u7802\u578b\u3002\u7ecf\u6d4e\u3001\u7075\u6d3b\uff0c\u4ee5\u66f4\u4f4e\u7684\u5355\u4f4d\u6210\u672c\u548c\u66f4\u77ed\u7684\u4ea4\u4ed8\u65f6\u95f4\uff0c\u7ecf\u6d4e\u9ad8\u6548\u5730\u5b9e\u73b0\u8d85\u5927\u5c3a\u5bf8\u7684\u7802\u578b\u5236\u9020\uff0c\u5e76\u53ef\u6839\u636e\u7528\u6237\u9700\u6c42\u6309\u9700\u5b9a\u5236\u6269\u5c55\u6253\u5370\u5e73\u53f0\uff0c\u6ee1\u8db3 10\u7c73+\u7ea7\u7684\u751f\u4ea7\u9700\u6c42(6 \u7c73 \/8 \u7c73 \/10 \u7c73\u8bbe\u5907\u5df2\u5728\u540c\u6b65\u63a5\u53d7\u9884\u5b9a)\uff0c\u5e2e\u52a9\u7528\u6237\u6700\u5927\u9650\u5ea6\u5730\u63d0\u9ad8\u751f\u4ea7\u529b\u3002\" \/>\n<meta name=\"robots\" content=\"index, follow, max-snippet:-1, max-image-preview:large, max-video-preview:-1\" \/>\n<link rel=\"canonical\" href=\"https:\/\/www.3dptek.com\/fr\/industrial-3d-printers\/sand-3d-printer\/3dptek-j4000\/\" \/>\n<meta property=\"og:locale\" content=\"fr_FR\" \/>\n<meta property=\"og:type\" content=\"article\" \/>\n<meta property=\"og:title\" content=\"\u7802\u578b3D\u6253\u5370\u673a\uff1a3DPTEK-J4000\" \/>\n<meta property=\"og:description\" content=\"\u7a81\u7834\u4f20\u7edf\u52a0\u5de5\u5c3a\u5bf8\u9650\u5236\uff0c\u6700\u5927\u53ef\u6210\u578b 4\u7c73\u7684\u7802\u578b\u3002\u7ecf\u6d4e\u3001\u7075\u6d3b\uff0c\u4ee5\u66f4\u4f4e\u7684\u5355\u4f4d\u6210\u672c\u548c\u66f4\u77ed\u7684\u4ea4\u4ed8\u65f6\u95f4\uff0c\u7ecf\u6d4e\u9ad8\u6548\u5730\u5b9e\u73b0\u8d85\u5927\u5c3a\u5bf8\u7684\u7802\u578b\u5236\u9020\uff0c\u5e76\u53ef\u6839\u636e\u7528\u6237\u9700\u6c42\u6309\u9700\u5b9a\u5236\u6269\u5c55\u6253\u5370\u5e73\u53f0\uff0c\u6ee1\u8db3 10\u7c73+\u7ea7\u7684\u751f\u4ea7\u9700\u6c42(6 \u7c73 \/8 \u7c73 \/10 \u7c73\u8bbe\u5907\u5df2\u5728\u540c\u6b65\u63a5\u53d7\u9884\u5b9a)\uff0c\u5e2e\u52a9\u7528\u6237\u6700\u5927\u9650\u5ea6\u5730\u63d0\u9ad8\u751f\u4ea7\u529b\u3002\" \/>\n<meta property=\"og:url\" content=\"https:\/\/www.3dptek.com\/fr\/industrial-3d-printers\/sand-3d-printer\/3dptek-j4000\/\" \/>\n<meta property=\"og:site_name\" content=\"\u4e09\u5e1d\u79d1\u6280\u80a1\u4efd\u6709\u9650\u516c\u53f8\" \/>\n<meta property=\"article:modified_time\" content=\"2026-01-21T09:45:57+00:00\" \/>\n<meta property=\"og:image\" content=\"https:\/\/www.3dptek.com\/wp-content\/uploads\/2024\/11\/3dptek-J4000-2024.jpg\" \/>\n\t<meta property=\"og:image:width\" content=\"800\" \/>\n\t<meta property=\"og:image:height\" content=\"600\" \/>\n\t<meta property=\"og:image:type\" content=\"image\/jpeg\" \/>\n<meta name=\"twitter:card\" content=\"summary_large_image\" \/>\n<meta name=\"twitter:label1\" content=\"Dur\u00e9e de lecture estim\u00e9e\" \/>\n\t<meta name=\"twitter:data1\" content=\"4 minutes\" \/>\n<script type=\"application\/ld+json\" class=\"yoast-schema-graph\">{\"@context\":\"https:\/\/schema.org\",\"@graph\":[{\"@type\":\"WebPage\",\"@id\":\"https:\/\/www.3dptek.com\/industrial-3d-printers\/sand-3d-printer\/3dptek-j4000\/\",\"url\":\"https:\/\/www.3dptek.com\/industrial-3d-printers\/sand-3d-printer\/3dptek-j4000\/\",\"name\":\"\u9769\u547d\u6027\u7684\u8d85\u5927\u5c3a\u5bf8\u7802\u578b3D\u6253\u5370\u673a\uff1a3DPTEK-J4000 - \u4e09\u5e1d\u79d1\u6280\u80a1\u4efd\u6709\u9650\u516c\u53f8\",\"isPartOf\":{\"@id\":\"https:\/\/www.3dptek.com\/#website\"},\"primaryImageOfPage\":{\"@id\":\"https:\/\/www.3dptek.com\/industrial-3d-printers\/sand-3d-printer\/3dptek-j4000\/#primaryimage\"},\"image\":{\"@id\":\"https:\/\/www.3dptek.com\/industrial-3d-printers\/sand-3d-printer\/3dptek-j4000\/#primaryimage\"},\"thumbnailUrl\":\"https:\/\/www.3dptek.com\/wp-content\/uploads\/2024\/11\/3dptek-J4000-2024.jpg\",\"datePublished\":\"2024-04-10T03:42:50+00:00\",\"dateModified\":\"2026-01-21T09:45:57+00:00\",\"description\":\"\u7a81\u7834\u4f20\u7edf\u52a0\u5de5\u5c3a\u5bf8\u9650\u5236\uff0c\u6700\u5927\u53ef\u6210\u578b 4\u7c73\u7684\u7802\u578b\u3002\u7ecf\u6d4e\u3001\u7075\u6d3b\uff0c\u4ee5\u66f4\u4f4e\u7684\u5355\u4f4d\u6210\u672c\u548c\u66f4\u77ed\u7684\u4ea4\u4ed8\u65f6\u95f4\uff0c\u7ecf\u6d4e\u9ad8\u6548\u5730\u5b9e\u73b0\u8d85\u5927\u5c3a\u5bf8\u7684\u7802\u578b\u5236\u9020\uff0c\u5e76\u53ef\u6839\u636e\u7528\u6237\u9700\u6c42\u6309\u9700\u5b9a\u5236\u6269\u5c55\u6253\u5370\u5e73\u53f0\uff0c\u6ee1\u8db3 10\u7c73+\u7ea7\u7684\u751f\u4ea7\u9700\u6c42(6 \u7c73 \/8 \u7c73 \/10 \u7c73\u8bbe\u5907\u5df2\u5728\u540c\u6b65\u63a5\u53d7\u9884\u5b9a)\uff0c\u5e2e\u52a9\u7528\u6237\u6700\u5927\u9650\u5ea6\u5730\u63d0\u9ad8\u751f\u4ea7\u529b\u3002\",\"breadcrumb\":{\"@id\":\"https:\/\/www.3dptek.com\/industrial-3d-printers\/sand-3d-printer\/3dptek-j4000\/#breadcrumb\"},\"inLanguage\":\"fr-FR\",\"potentialAction\":[{\"@type\":\"ReadAction\",\"target\":[\"https:\/\/www.3dptek.com\/industrial-3d-printers\/sand-3d-printer\/3dptek-j4000\/\"]}]},{\"@type\":\"ImageObject\",\"inLanguage\":\"fr-FR\",\"@id\":\"https:\/\/www.3dptek.com\/industrial-3d-printers\/sand-3d-printer\/3dptek-j4000\/#primaryimage\",\"url\":\"https:\/\/www.3dptek.com\/wp-content\/uploads\/2024\/11\/3dptek-J4000-2024.jpg\",\"contentUrl\":\"https:\/\/www.3dptek.com\/wp-content\/uploads\/2024\/11\/3dptek-J4000-2024.jpg\",\"width\":800,\"height\":600,\"caption\":\"3dptek-J4000 \u7802\u6a213D\u6253\u5370\u673a\"},{\"@type\":\"BreadcrumbList\",\"@id\":\"https:\/\/www.3dptek.com\/industrial-3d-printers\/sand-3d-printer\/3dptek-j4000\/#breadcrumb\",\"itemListElement\":[{\"@type\":\"ListItem\",\"position\":1,\"name\":\"\u9996\u9875\",\"item\":\"https:\/\/www.3dptek.com\/\"},{\"@type\":\"ListItem\",\"position\":2,\"name\":\"\u5de5\u4e1a3D\u6253\u5370\u673a\",\"item\":\"https:\/\/www.3dptek.com\/industrial-3d-printers\/\"},{\"@type\":\"ListItem\",\"position\":3,\"name\":\"3DP\u7802\u578b3D\u6253\u5370\u673a\",\"item\":\"https:\/\/www.3dptek.com\/industrial-3d-printers\/sand-3d-printer\/\"},{\"@type\":\"ListItem\",\"position\":4,\"name\":\"\u7802\u578b3D\u6253\u5370\u673a\uff1a3DPTEK-J4000\"}]},{\"@type\":\"WebSite\",\"@id\":\"https:\/\/www.3dptek.com\/#website\",\"url\":\"https:\/\/www.3dptek.com\/\",\"name\":\"\u4e09\u5e1d\u79d1\u6280\u80a1\u4efd\u6709\u9650\u516c\u53f8\",\"description\":\"\",\"potentialAction\":[{\"@type\":\"SearchAction\",\"target\":{\"@type\":\"EntryPoint\",\"urlTemplate\":\"https:\/\/www.3dptek.com\/?s={search_term_string}\"},\"query-input\":{\"@type\":\"PropertyValueSpecification\",\"valueRequired\":true,\"valueName\":\"search_term_string\"}}],\"inLanguage\":\"fr-FR\"}]}<\/script>\n<!-- \/ Yoast SEO Premium plugin. -->","yoast_head_json":{"title":"Imprimante 3D r\u00e9volutionnaire \u00e0 sable ultra-large : 3DPTEK-J4000 - SANDY TECHNOLOGY CO.","description":"D\u00e9passe les limites traditionnelles de taille de traitement, jusqu'\u00e0 4 m\u00e8tres de moulage en sable. \u00c9conomique et flexible, avec un co\u00fbt unitaire inf\u00e9rieur et des d\u00e9lais de livraison plus courts, il peut r\u00e9aliser de mani\u00e8re rentable la fabrication de moules en sable surdimensionn\u00e9s, et peut \u00eatre personnalis\u00e9 pour \u00e9tendre la plate-forme d'impression sur demande afin de r\u00e9pondre aux besoins de production de la classe 10m+ (les dispositifs 6m\/8m\/10m acceptent d\u00e9j\u00e0 des r\u00e9servations simultan\u00e9ment), aidant ainsi les utilisateurs \u00e0 maximiser leur productivit\u00e9.","robots":{"index":"index","follow":"follow","max-snippet":"max-snippet:-1","max-image-preview":"max-image-preview:large","max-video-preview":"max-video-preview:-1"},"canonical":"https:\/\/www.3dptek.com\/fr\/industrial-3d-printers\/sand-3d-printer\/3dptek-j4000\/","og_locale":"fr_FR","og_type":"article","og_title":"\u7802\u578b3D\u6253\u5370\u673a\uff1a3DPTEK-J4000","og_description":"\u7a81\u7834\u4f20\u7edf\u52a0\u5de5\u5c3a\u5bf8\u9650\u5236\uff0c\u6700\u5927\u53ef\u6210\u578b 4\u7c73\u7684\u7802\u578b\u3002\u7ecf\u6d4e\u3001\u7075\u6d3b\uff0c\u4ee5\u66f4\u4f4e\u7684\u5355\u4f4d\u6210\u672c\u548c\u66f4\u77ed\u7684\u4ea4\u4ed8\u65f6\u95f4\uff0c\u7ecf\u6d4e\u9ad8\u6548\u5730\u5b9e\u73b0\u8d85\u5927\u5c3a\u5bf8\u7684\u7802\u578b\u5236\u9020\uff0c\u5e76\u53ef\u6839\u636e\u7528\u6237\u9700\u6c42\u6309\u9700\u5b9a\u5236\u6269\u5c55\u6253\u5370\u5e73\u53f0\uff0c\u6ee1\u8db3 10\u7c73+\u7ea7\u7684\u751f\u4ea7\u9700\u6c42(6 \u7c73 \/8 \u7c73 \/10 \u7c73\u8bbe\u5907\u5df2\u5728\u540c\u6b65\u63a5\u53d7\u9884\u5b9a)\uff0c\u5e2e\u52a9\u7528\u6237\u6700\u5927\u9650\u5ea6\u5730\u63d0\u9ad8\u751f\u4ea7\u529b\u3002","og_url":"https:\/\/www.3dptek.com\/fr\/industrial-3d-printers\/sand-3d-printer\/3dptek-j4000\/","og_site_name":"\u4e09\u5e1d\u79d1\u6280\u80a1\u4efd\u6709\u9650\u516c\u53f8","article_modified_time":"2026-01-21T09:45:57+00:00","og_image":[{"width":800,"height":600,"url":"https:\/\/www.3dptek.com\/wp-content\/uploads\/2024\/11\/3dptek-J4000-2024.jpg","type":"image\/jpeg"}],"twitter_card":"summary_large_image","twitter_misc":{"Dur\u00e9e de lecture estim\u00e9e":"4 minutes"},"schema":{"@context":"https:\/\/schema.org","@graph":[{"@type":"WebPage","@id":"https:\/\/www.3dptek.com\/industrial-3d-printers\/sand-3d-printer\/3dptek-j4000\/","url":"https:\/\/www.3dptek.com\/industrial-3d-printers\/sand-3d-printer\/3dptek-j4000\/","name":"Imprimante 3D r\u00e9volutionnaire \u00e0 sable ultra-large : 3DPTEK-J4000 - SANDY TECHNOLOGY CO.","isPartOf":{"@id":"https:\/\/www.3dptek.com\/#website"},"primaryImageOfPage":{"@id":"https:\/\/www.3dptek.com\/industrial-3d-printers\/sand-3d-printer\/3dptek-j4000\/#primaryimage"},"image":{"@id":"https:\/\/www.3dptek.com\/industrial-3d-printers\/sand-3d-printer\/3dptek-j4000\/#primaryimage"},"thumbnailUrl":"https:\/\/www.3dptek.com\/wp-content\/uploads\/2024\/11\/3dptek-J4000-2024.jpg","datePublished":"2024-04-10T03:42:50+00:00","dateModified":"2026-01-21T09:45:57+00:00","description":"D\u00e9passe les limites traditionnelles de taille de traitement, jusqu'\u00e0 4 m\u00e8tres de moulage en sable. \u00c9conomique et flexible, avec un co\u00fbt unitaire inf\u00e9rieur et des d\u00e9lais de livraison plus courts, il peut r\u00e9aliser de mani\u00e8re rentable la fabrication de moules en sable surdimensionn\u00e9s, et peut \u00eatre personnalis\u00e9 pour \u00e9tendre la plate-forme d'impression sur demande afin de r\u00e9pondre aux besoins de production de la classe 10m+ (les dispositifs 6m\/8m\/10m acceptent d\u00e9j\u00e0 des r\u00e9servations simultan\u00e9ment), aidant ainsi les utilisateurs \u00e0 maximiser leur productivit\u00e9.","breadcrumb":{"@id":"https:\/\/www.3dptek.com\/industrial-3d-printers\/sand-3d-printer\/3dptek-j4000\/#breadcrumb"},"inLanguage":"fr-FR","potentialAction":[{"@type":"ReadAction","target":["https:\/\/www.3dptek.com\/industrial-3d-printers\/sand-3d-printer\/3dptek-j4000\/"]}]},{"@type":"ImageObject","inLanguage":"fr-FR","@id":"https:\/\/www.3dptek.com\/industrial-3d-printers\/sand-3d-printer\/3dptek-j4000\/#primaryimage","url":"https:\/\/www.3dptek.com\/wp-content\/uploads\/2024\/11\/3dptek-J4000-2024.jpg","contentUrl":"https:\/\/www.3dptek.com\/wp-content\/uploads\/2024\/11\/3dptek-J4000-2024.jpg","width":800,"height":600,"caption":"3dptek-J4000 \u7802\u6a213D\u6253\u5370\u673a"},{"@type":"BreadcrumbList","@id":"https:\/\/www.3dptek.com\/industrial-3d-printers\/sand-3d-printer\/3dptek-j4000\/#breadcrumb","itemListElement":[{"@type":"ListItem","position":1,"name":"\u9996\u9875","item":"https:\/\/www.3dptek.com\/"},{"@type":"ListItem","position":2,"name":"\u5de5\u4e1a3D\u6253\u5370\u673a","item":"https:\/\/www.3dptek.com\/industrial-3d-printers\/"},{"@type":"ListItem","position":3,"name":"3DP\u7802\u578b3D\u6253\u5370\u673a","item":"https:\/\/www.3dptek.com\/industrial-3d-printers\/sand-3d-printer\/"},{"@type":"ListItem","position":4,"name":"\u7802\u578b3D\u6253\u5370\u673a\uff1a3DPTEK-J4000"}]},{"@type":"WebSite","@id":"https:\/\/www.3dptek.com\/#website","url":"https:\/\/www.3dptek.com\/","name":"SANDY TECHNOLOGY CO.","description":"","potentialAction":[{"@type":"SearchAction","target":{"@type":"EntryPoint","urlTemplate":"https:\/\/www.3dptek.com\/?s={search_term_string}"},"query-input":{"@type":"PropertyValueSpecification","valueRequired":true,"valueName":"search_term_string"}}],"inLanguage":"fr-FR"}]}},"_links":{"self":[{"href":"https:\/\/www.3dptek.com\/fr\/wp-json\/wp\/v2\/pages\/377","targetHints":{"allow":["GET"]}}],"collection":[{"href":"https:\/\/www.3dptek.com\/fr\/wp-json\/wp\/v2\/pages"}],"about":[{"href":"https:\/\/www.3dptek.com\/fr\/wp-json\/wp\/v2\/types\/page"}],"author":[{"embeddable":true,"href":"https:\/\/www.3dptek.com\/fr\/wp-json\/wp\/v2\/users\/1"}],"replies":[{"embeddable":true,"href":"https:\/\/www.3dptek.com\/fr\/wp-json\/wp\/v2\/comments?post=377"}],"version-history":[{"count":10,"href":"https:\/\/www.3dptek.com\/fr\/wp-json\/wp\/v2\/pages\/377\/revisions"}],"predecessor-version":[{"id":2544,"href":"https:\/\/www.3dptek.com\/fr\/wp-json\/wp\/v2\/pages\/377\/revisions\/2544"}],"up":[{"embeddable":true,"href":"https:\/\/www.3dptek.com\/fr\/wp-json\/wp\/v2\/pages\/189"}],"wp:featuredmedia":[{"embeddable":true,"href":"https:\/\/www.3dptek.com\/fr\/wp-json\/wp\/v2\/media\/1803"}],"wp:attachment":[{"href":"https:\/\/www.3dptek.com\/fr\/wp-json\/wp\/v2\/media?parent=377"}],"curies":[{"name":"wp","href":"https:\/\/api.w.org\/{rel}","templated":true}]}}