{"id":326,"date":"2024-04-07T15:31:40","date_gmt":"2024-04-07T07:31:40","guid":{"rendered":"https:\/\/test.3dptek.com\/?page_id=326"},"modified":"2024-05-22T13:58:04","modified_gmt":"2024-05-22T05:58:04","slug":"news","status":"publish","type":"page","link":"https:\/\/www.3dptek.com\/fr\/about-us\/news\/","title":{"rendered":"Nouvelles de l'entreprise"},"content":{"rendered":"","protected":false},"excerpt":{"rendered":"","protected":false},"author":1,"featured_media":0,"parent":316,"menu_order":0,"comment_status":"closed","ping_status":"closed","template":"","meta":{"_yoast_wpseo_focuskw":"","_yoast_wpseo_title":"\u4e09\u5e1d\u79d1\u6280\u6700\u65b0\u52a8\u6001\u83b7\u53d6 %%sep%% %%sitename%%","_yoast_wpseo_metadesc":"\u53d1\u5e03\u516c\u53f8\u6700\u65b0\u52a8\u6001\u3001\u6280\u672f\u521b\u65b0\u3001\u5408\u4f5c\u9879\u76ee\u53ca\u884c\u4e1a\u5c55\u4f1a\u4fe1\u606f\u3002\u60a8\u53ef\u5728\u7b2c\u4e00\u65f6\u95f4\u4e86\u89e3\u6211\u4eec\u7684\u53d1\u5c55\u52a8\u5411\u548c\u6218\u7565\u5e03\u5c40\u3002","footnotes":""},"class_list":["post-326","page","type-page","status-publish","hentry"],"acf":[],"yoast_head":"\n\u4e09\u5e1d\u79d1\u6280\u6700\u65b0\u52a8\u6001\u83b7\u53d6 - \u4e09\u5e1d\u79d1\u6280\u80a1\u4efd\u6709\u9650\u516c\u53f8<\/title>\n<meta name=\"description\" content=\"\u53d1\u5e03\u516c\u53f8\u6700\u65b0\u52a8\u6001\u3001\u6280\u672f\u521b\u65b0\u3001\u5408\u4f5c\u9879\u76ee\u53ca\u884c\u4e1a\u5c55\u4f1a\u4fe1\u606f\u3002\u60a8\u53ef\u5728\u7b2c\u4e00\u65f6\u95f4\u4e86\u89e3\u6211\u4eec\u7684\u53d1\u5c55\u52a8\u5411\u548c\u6218\u7565\u5e03\u5c40\u3002\" \/>\n<meta name=\"robots\" content=\"index, follow, max-snippet:-1, max-image-preview:large, max-video-preview:-1\" \/>\n<link rel=\"canonical\" href=\"https:\/\/www.3dptek.com\/fr\/about-us\/news\/\" \/>\n<meta property=\"og:locale\" content=\"fr_FR\" \/>\n<meta property=\"og:type\" content=\"article\" \/>\n<meta property=\"og:title\" content=\"\u516c\u53f8\u65b0\u95fb\" \/>\n<meta property=\"og:description\" content=\"\u53d1\u5e03\u516c\u53f8\u6700\u65b0\u52a8\u6001\u3001\u6280\u672f\u521b\u65b0\u3001\u5408\u4f5c\u9879\u76ee\u53ca\u884c\u4e1a\u5c55\u4f1a\u4fe1\u606f\u3002\u60a8\u53ef\u5728\u7b2c\u4e00\u65f6\u95f4\u4e86\u89e3\u6211\u4eec\u7684\u53d1\u5c55\u52a8\u5411\u548c\u6218\u7565\u5e03\u5c40\u3002\" \/>\n<meta property=\"og:url\" content=\"https:\/\/www.3dptek.com\/fr\/about-us\/news\/\" \/>\n<meta property=\"og:site_name\" content=\"\u4e09\u5e1d\u79d1\u6280\u80a1\u4efd\u6709\u9650\u516c\u53f8\" \/>\n<meta property=\"article:modified_time\" content=\"2024-05-22T05:58:04+00:00\" \/>\n<meta name=\"twitter:card\" content=\"summary_large_image\" \/>\n<meta name=\"twitter:label1\" content=\"Dur\u00e9e de lecture estim\u00e9e\" \/>\n\t<meta name=\"twitter:data1\" content=\"3 minutes\" \/>\n<script type=\"application\/ld+json\" class=\"yoast-schema-graph\">{\"@context\":\"https:\/\/schema.org\",\"@graph\":[{\"@type\":\"WebPage\",\"@id\":\"https:\/\/www.3dptek.com\/about-us\/news\/\",\"url\":\"https:\/\/www.3dptek.com\/about-us\/news\/\",\"name\":\"\u4e09\u5e1d\u79d1\u6280\u6700\u65b0\u52a8\u6001\u83b7\u53d6 - \u4e09\u5e1d\u79d1\u6280\u80a1\u4efd\u6709\u9650\u516c\u53f8\",\"isPartOf\":{\"@id\":\"https:\/\/www.3dptek.com\/#website\"},\"datePublished\":\"2024-04-07T07:31:40+00:00\",\"dateModified\":\"2024-05-22T05:58:04+00:00\",\"description\":\"\u53d1\u5e03\u516c\u53f8\u6700\u65b0\u52a8\u6001\u3001\u6280\u672f\u521b\u65b0\u3001\u5408\u4f5c\u9879\u76ee\u53ca\u884c\u4e1a\u5c55\u4f1a\u4fe1\u606f\u3002\u60a8\u53ef\u5728\u7b2c\u4e00\u65f6\u95f4\u4e86\u89e3\u6211\u4eec\u7684\u53d1\u5c55\u52a8\u5411\u548c\u6218\u7565\u5e03\u5c40\u3002\",\"breadcrumb\":{\"@id\":\"https:\/\/www.3dptek.com\/about-us\/news\/#breadcrumb\"},\"inLanguage\":\"fr-FR\",\"potentialAction\":[{\"@type\":\"ReadAction\",\"target\":[\"https:\/\/www.3dptek.com\/about-us\/news\/\"]}]},{\"@type\":\"BreadcrumbList\",\"@id\":\"https:\/\/www.3dptek.com\/about-us\/news\/#breadcrumb\",\"itemListElement\":[{\"@type\":\"ListItem\",\"position\":1,\"name\":\"\u9996\u9875\",\"item\":\"https:\/\/www.3dptek.com\/\"},{\"@type\":\"ListItem\",\"position\":2,\"name\":\"\u5173\u4e8e\u6211\u4eec\",\"item\":\"https:\/\/www.3dptek.com\/about-us\/\"},{\"@type\":\"ListItem\",\"position\":3,\"name\":\"\u516c\u53f8\u65b0\u95fb\"}]},{\"@type\":\"WebSite\",\"@id\":\"https:\/\/www.3dptek.com\/#website\",\"url\":\"https:\/\/www.3dptek.com\/\",\"name\":\"\u4e09\u5e1d\u79d1\u6280\u80a1\u4efd\u6709\u9650\u516c\u53f8\",\"description\":\"\",\"potentialAction\":[{\"@type\":\"SearchAction\",\"target\":{\"@type\":\"EntryPoint\",\"urlTemplate\":\"https:\/\/www.3dptek.com\/?s={search_term_string}\"},\"query-input\":{\"@type\":\"PropertyValueSpecification\",\"valueRequired\":true,\"valueName\":\"search_term_string\"}}],\"inLanguage\":\"fr-FR\"}]}<\/script>\n<!-- \/ Yoast SEO Premium plugin. -->","yoast_head_json":{"title":"Recevez les derni\u00e8res nouvelles de SUNIX - SUNIX TECHNOLOGY CO.","description":"Publier les derni\u00e8res nouvelles de l'entreprise, les innovations technologiques, les projets de coop\u00e9ration et les informations sur les expositions industrielles. Vous pouvez \u00eatre le premier \u00e0 comprendre nos tendances de d\u00e9veloppement et notre plan strat\u00e9gique.","robots":{"index":"index","follow":"follow","max-snippet":"max-snippet:-1","max-image-preview":"max-image-preview:large","max-video-preview":"max-video-preview:-1"},"canonical":"https:\/\/www.3dptek.com\/fr\/about-us\/news\/","og_locale":"fr_FR","og_type":"article","og_title":"\u516c\u53f8\u65b0\u95fb","og_description":"\u53d1\u5e03\u516c\u53f8\u6700\u65b0\u52a8\u6001\u3001\u6280\u672f\u521b\u65b0\u3001\u5408\u4f5c\u9879\u76ee\u53ca\u884c\u4e1a\u5c55\u4f1a\u4fe1\u606f\u3002\u60a8\u53ef\u5728\u7b2c\u4e00\u65f6\u95f4\u4e86\u89e3\u6211\u4eec\u7684\u53d1\u5c55\u52a8\u5411\u548c\u6218\u7565\u5e03\u5c40\u3002","og_url":"https:\/\/www.3dptek.com\/fr\/about-us\/news\/","og_site_name":"\u4e09\u5e1d\u79d1\u6280\u80a1\u4efd\u6709\u9650\u516c\u53f8","article_modified_time":"2024-05-22T05:58:04+00:00","twitter_card":"summary_large_image","twitter_misc":{"Dur\u00e9e de lecture estim\u00e9e":"3 minutes"},"schema":{"@context":"https:\/\/schema.org","@graph":[{"@type":"WebPage","@id":"https:\/\/www.3dptek.com\/about-us\/news\/","url":"https:\/\/www.3dptek.com\/about-us\/news\/","name":"Recevez les derni\u00e8res nouvelles de SUNIX - SUNIX TECHNOLOGY CO.","isPartOf":{"@id":"https:\/\/www.3dptek.com\/#website"},"datePublished":"2024-04-07T07:31:40+00:00","dateModified":"2024-05-22T05:58:04+00:00","description":"Publier les derni\u00e8res nouvelles de l'entreprise, les innovations technologiques, les projets de coop\u00e9ration et les informations sur les expositions industrielles. Vous pouvez \u00eatre le premier \u00e0 comprendre nos tendances de d\u00e9veloppement et notre plan strat\u00e9gique.","breadcrumb":{"@id":"https:\/\/www.3dptek.com\/about-us\/news\/#breadcrumb"},"inLanguage":"fr-FR","potentialAction":[{"@type":"ReadAction","target":["https:\/\/www.3dptek.com\/about-us\/news\/"]}]},{"@type":"BreadcrumbList","@id":"https:\/\/www.3dptek.com\/about-us\/news\/#breadcrumb","itemListElement":[{"@type":"ListItem","position":1,"name":"\u9996\u9875","item":"https:\/\/www.3dptek.com\/"},{"@type":"ListItem","position":2,"name":"\u5173\u4e8e\u6211\u4eec","item":"https:\/\/www.3dptek.com\/about-us\/"},{"@type":"ListItem","position":3,"name":"\u516c\u53f8\u65b0\u95fb"}]},{"@type":"WebSite","@id":"https:\/\/www.3dptek.com\/#website","url":"https:\/\/www.3dptek.com\/","name":"SANDY TECHNOLOGY CO.","description":"","potentialAction":[{"@type":"SearchAction","target":{"@type":"EntryPoint","urlTemplate":"https:\/\/www.3dptek.com\/?s={search_term_string}"},"query-input":{"@type":"PropertyValueSpecification","valueRequired":true,"valueName":"search_term_string"}}],"inLanguage":"fr-FR"}]}},"_links":{"self":[{"href":"https:\/\/www.3dptek.com\/fr\/wp-json\/wp\/v2\/pages\/326","targetHints":{"allow":["GET"]}}],"collection":[{"href":"https:\/\/www.3dptek.com\/fr\/wp-json\/wp\/v2\/pages"}],"about":[{"href":"https:\/\/www.3dptek.com\/fr\/wp-json\/wp\/v2\/types\/page"}],"author":[{"embeddable":true,"href":"https:\/\/www.3dptek.com\/fr\/wp-json\/wp\/v2\/users\/1"}],"replies":[{"embeddable":true,"href":"https:\/\/www.3dptek.com\/fr\/wp-json\/wp\/v2\/comments?post=326"}],"version-history":[{"count":1,"href":"https:\/\/www.3dptek.com\/fr\/wp-json\/wp\/v2\/pages\/326\/revisions"}],"predecessor-version":[{"id":327,"href":"https:\/\/www.3dptek.com\/fr\/wp-json\/wp\/v2\/pages\/326\/revisions\/327"}],"up":[{"embeddable":true,"href":"https:\/\/www.3dptek.com\/fr\/wp-json\/wp\/v2\/pages\/316"}],"wp:attachment":[{"href":"https:\/\/www.3dptek.com\/fr\/wp-json\/wp\/v2\/media?parent=326"}],"curies":[{"name":"wp","href":"https:\/\/api.w.org\/{rel}","templated":true}]}}