{"id":1965,"date":"2024-12-26T16:43:51","date_gmt":"2024-12-26T08:43:51","guid":{"rendered":"https:\/\/www.3dptek.com\/?page_id=1965"},"modified":"2024-12-27T11:07:02","modified_gmt":"2024-12-27T03:07:02","slug":"online-sand-mixer","status":"publish","type":"page","link":"https:\/\/www.3dptek.com\/fr\/industrial-3d-printers\/online-sand-mixer\/","title":{"rendered":"M\u00e9langeur de sable en ligne"},"content":{"rendered":"","protected":false},"excerpt":{"rendered":"","protected":false},"author":1,"featured_media":1973,"parent":187,"menu_order":0,"comment_status":"closed","ping_status":"closed","template":"","meta":{"_yoast_wpseo_focuskw":"","_yoast_wpseo_title":"","_yoast_wpseo_metadesc":"\u5728\u7ebf\u6df7\u7802\u673a\u662f\u5728\u94f8\u9020\u751f\u4ea7\u8fc7\u7a0b\u4e2d\uff0c\u80fd\u591f\u5b9e\u65f6\u5730\u5c06\u5404\u79cd\u578b\u7802\u539f\u6750\u6599\uff0c\u5982\u7802\u3001\u7c98\u7ed3\u5242\u3001\u9644\u52a0\u5242\u7b49\uff0c\u6309\u7167\u7cbe\u786e\u7684\u914d\u6bd4\u8fdb\u884c\u6df7\u5408\uff0c\u5e76\u76f4\u63a5\u4f9b\u5e94\u5230\u9020\u578b\u6216\u5236\u82af\u8bbe\u5907\u7684\u6df7\u7802\u8bbe\u5907\u3002\u5b83\u662f\u94f8\u9020\u81ea\u52a8\u5316\u751f\u4ea7\u7ebf\u4e2d\u7684\u5173\u952e\u8bbe\u5907\u4e4b\u4e00\uff0c\u53ef\u5b9e\u73b0\u578b\u7802\u6df7\u5236\u7684\u8fde\u7eed\u5316\u3001\u81ea\u52a8\u5316\u548c\u7cbe\u786e\u5316\u3002","footnotes":""},"class_list":["post-1965","page","type-page","status-publish","has-post-thumbnail","hentry"],"acf":[],"yoast_head":"\n\u5728\u7ebf\u6df7\u7802\u673a - \u4e09\u5e1d\u79d1\u6280\u80a1\u4efd\u6709\u9650\u516c\u53f8<\/title>\n<meta name=\"description\" content=\"\u5728\u7ebf\u6df7\u7802\u673a\u662f\u5728\u94f8\u9020\u751f\u4ea7\u8fc7\u7a0b\u4e2d\uff0c\u80fd\u591f\u5b9e\u65f6\u5730\u5c06\u5404\u79cd\u578b\u7802\u539f\u6750\u6599\uff0c\u5982\u7802\u3001\u7c98\u7ed3\u5242\u3001\u9644\u52a0\u5242\u7b49\uff0c\u6309\u7167\u7cbe\u786e\u7684\u914d\u6bd4\u8fdb\u884c\u6df7\u5408\uff0c\u5e76\u76f4\u63a5\u4f9b\u5e94\u5230\u9020\u578b\u6216\u5236\u82af\u8bbe\u5907\u7684\u6df7\u7802\u8bbe\u5907\u3002\u5b83\u662f\u94f8\u9020\u81ea\u52a8\u5316\u751f\u4ea7\u7ebf\u4e2d\u7684\u5173\u952e\u8bbe\u5907\u4e4b\u4e00\uff0c\u53ef\u5b9e\u73b0\u578b\u7802\u6df7\u5236\u7684\u8fde\u7eed\u5316\u3001\u81ea\u52a8\u5316\u548c\u7cbe\u786e\u5316\u3002\" \/>\n<meta name=\"robots\" content=\"index, follow, max-snippet:-1, max-image-preview:large, max-video-preview:-1\" \/>\n<link rel=\"canonical\" href=\"https:\/\/www.3dptek.com\/fr\/industrial-3d-printers\/online-sand-mixer\/\" \/>\n<meta property=\"og:locale\" content=\"fr_FR\" \/>\n<meta property=\"og:type\" content=\"article\" \/>\n<meta property=\"og:title\" content=\"\u5728\u7ebf\u6df7\u7802\u673a\" \/>\n<meta property=\"og:description\" content=\"\u5728\u7ebf\u6df7\u7802\u673a\u662f\u5728\u94f8\u9020\u751f\u4ea7\u8fc7\u7a0b\u4e2d\uff0c\u80fd\u591f\u5b9e\u65f6\u5730\u5c06\u5404\u79cd\u578b\u7802\u539f\u6750\u6599\uff0c\u5982\u7802\u3001\u7c98\u7ed3\u5242\u3001\u9644\u52a0\u5242\u7b49\uff0c\u6309\u7167\u7cbe\u786e\u7684\u914d\u6bd4\u8fdb\u884c\u6df7\u5408\uff0c\u5e76\u76f4\u63a5\u4f9b\u5e94\u5230\u9020\u578b\u6216\u5236\u82af\u8bbe\u5907\u7684\u6df7\u7802\u8bbe\u5907\u3002\u5b83\u662f\u94f8\u9020\u81ea\u52a8\u5316\u751f\u4ea7\u7ebf\u4e2d\u7684\u5173\u952e\u8bbe\u5907\u4e4b\u4e00\uff0c\u53ef\u5b9e\u73b0\u578b\u7802\u6df7\u5236\u7684\u8fde\u7eed\u5316\u3001\u81ea\u52a8\u5316\u548c\u7cbe\u786e\u5316\u3002\" \/>\n<meta property=\"og:url\" content=\"https:\/\/www.3dptek.com\/fr\/industrial-3d-printers\/online-sand-mixer\/\" \/>\n<meta property=\"og:site_name\" content=\"\u4e09\u5e1d\u79d1\u6280\u80a1\u4efd\u6709\u9650\u516c\u53f8\" \/>\n<meta property=\"article:modified_time\" content=\"2024-12-27T03:07:02+00:00\" \/>\n<meta property=\"og:image\" content=\"https:\/\/www.3dptek.com\/wp-content\/uploads\/2024\/12\/3DPTEK-SM600.png\" \/>\n\t<meta property=\"og:image:width\" content=\"800\" \/>\n\t<meta property=\"og:image:height\" content=\"600\" \/>\n\t<meta property=\"og:image:type\" content=\"image\/png\" \/>\n<meta name=\"twitter:card\" content=\"summary_large_image\" \/>\n<meta name=\"twitter:label1\" content=\"Dur\u00e9e de lecture estim\u00e9e\" \/>\n\t<meta name=\"twitter:data1\" content=\"2 minutes\" \/>\n<script type=\"application\/ld+json\" class=\"yoast-schema-graph\">{\"@context\":\"https:\/\/schema.org\",\"@graph\":[{\"@type\":\"WebPage\",\"@id\":\"https:\/\/www.3dptek.com\/industrial-3d-printers\/online-sand-mixer\/\",\"url\":\"https:\/\/www.3dptek.com\/industrial-3d-printers\/online-sand-mixer\/\",\"name\":\"\u5728\u7ebf\u6df7\u7802\u673a - \u4e09\u5e1d\u79d1\u6280\u80a1\u4efd\u6709\u9650\u516c\u53f8\",\"isPartOf\":{\"@id\":\"https:\/\/www.3dptek.com\/#website\"},\"primaryImageOfPage\":{\"@id\":\"https:\/\/www.3dptek.com\/industrial-3d-printers\/online-sand-mixer\/#primaryimage\"},\"image\":{\"@id\":\"https:\/\/www.3dptek.com\/industrial-3d-printers\/online-sand-mixer\/#primaryimage\"},\"thumbnailUrl\":\"https:\/\/www.3dptek.com\/wp-content\/uploads\/2024\/12\/3DPTEK-SM600.png\",\"datePublished\":\"2024-12-26T08:43:51+00:00\",\"dateModified\":\"2024-12-27T03:07:02+00:00\",\"description\":\"\u5728\u7ebf\u6df7\u7802\u673a\u662f\u5728\u94f8\u9020\u751f\u4ea7\u8fc7\u7a0b\u4e2d\uff0c\u80fd\u591f\u5b9e\u65f6\u5730\u5c06\u5404\u79cd\u578b\u7802\u539f\u6750\u6599\uff0c\u5982\u7802\u3001\u7c98\u7ed3\u5242\u3001\u9644\u52a0\u5242\u7b49\uff0c\u6309\u7167\u7cbe\u786e\u7684\u914d\u6bd4\u8fdb\u884c\u6df7\u5408\uff0c\u5e76\u76f4\u63a5\u4f9b\u5e94\u5230\u9020\u578b\u6216\u5236\u82af\u8bbe\u5907\u7684\u6df7\u7802\u8bbe\u5907\u3002\u5b83\u662f\u94f8\u9020\u81ea\u52a8\u5316\u751f\u4ea7\u7ebf\u4e2d\u7684\u5173\u952e\u8bbe\u5907\u4e4b\u4e00\uff0c\u53ef\u5b9e\u73b0\u578b\u7802\u6df7\u5236\u7684\u8fde\u7eed\u5316\u3001\u81ea\u52a8\u5316\u548c\u7cbe\u786e\u5316\u3002\",\"breadcrumb\":{\"@id\":\"https:\/\/www.3dptek.com\/industrial-3d-printers\/online-sand-mixer\/#breadcrumb\"},\"inLanguage\":\"fr-FR\",\"potentialAction\":[{\"@type\":\"ReadAction\",\"target\":[\"https:\/\/www.3dptek.com\/industrial-3d-printers\/online-sand-mixer\/\"]}]},{\"@type\":\"ImageObject\",\"inLanguage\":\"fr-FR\",\"@id\":\"https:\/\/www.3dptek.com\/industrial-3d-printers\/online-sand-mixer\/#primaryimage\",\"url\":\"https:\/\/www.3dptek.com\/wp-content\/uploads\/2024\/12\/3DPTEK-SM600.png\",\"contentUrl\":\"https:\/\/www.3dptek.com\/wp-content\/uploads\/2024\/12\/3DPTEK-SM600.png\",\"width\":800,\"height\":600,\"caption\":\"\u5728\u7ebf\u6df7\u7802\u673a\uff1a3DPTEK-SM600\"},{\"@type\":\"BreadcrumbList\",\"@id\":\"https:\/\/www.3dptek.com\/industrial-3d-printers\/online-sand-mixer\/#breadcrumb\",\"itemListElement\":[{\"@type\":\"ListItem\",\"position\":1,\"name\":\"\u9996\u9875\",\"item\":\"https:\/\/www.3dptek.com\/\"},{\"@type\":\"ListItem\",\"position\":2,\"name\":\"\u5de5\u4e1a3D\u6253\u5370\u673a\",\"item\":\"https:\/\/www.3dptek.com\/industrial-3d-printers\/\"},{\"@type\":\"ListItem\",\"position\":3,\"name\":\"\u5728\u7ebf\u6df7\u7802\u673a\"}]},{\"@type\":\"WebSite\",\"@id\":\"https:\/\/www.3dptek.com\/#website\",\"url\":\"https:\/\/www.3dptek.com\/\",\"name\":\"\u4e09\u5e1d\u79d1\u6280\u80a1\u4efd\u6709\u9650\u516c\u53f8\",\"description\":\"\",\"potentialAction\":[{\"@type\":\"SearchAction\",\"target\":{\"@type\":\"EntryPoint\",\"urlTemplate\":\"https:\/\/www.3dptek.com\/?s={search_term_string}\"},\"query-input\":{\"@type\":\"PropertyValueSpecification\",\"valueRequired\":true,\"valueName\":\"search_term_string\"}}],\"inLanguage\":\"fr-FR\"}]}<\/script>\n<!-- \/ Yoast SEO Premium plugin. -->","yoast_head_json":{"title":"M\u00e9langeur de sable en ligne - SANDI TECHNOLOGY CO.","description":"Le m\u00e9langeur de sable en ligne est un \u00e9quipement de m\u00e9lange de sable qui peut m\u00e9langer diverses mati\u00e8res premi\u00e8res, telles que le sable, le liant, les additifs, etc., selon un ratio pr\u00e9cis en temps r\u00e9el au cours du processus de production de moulage et les fournir directement \u00e0 l'\u00e9quipement de moulage ou de fabrication de noyaux. Il s'agit de l'un des \u00e9quipements cl\u00e9s de la ligne de production automatis\u00e9e de moulage, qui peut r\u00e9aliser la continuit\u00e9, l'automatisation et la pr\u00e9cision du m\u00e9lange de sable.","robots":{"index":"index","follow":"follow","max-snippet":"max-snippet:-1","max-image-preview":"max-image-preview:large","max-video-preview":"max-video-preview:-1"},"canonical":"https:\/\/www.3dptek.com\/fr\/industrial-3d-printers\/online-sand-mixer\/","og_locale":"fr_FR","og_type":"article","og_title":"\u5728\u7ebf\u6df7\u7802\u673a","og_description":"\u5728\u7ebf\u6df7\u7802\u673a\u662f\u5728\u94f8\u9020\u751f\u4ea7\u8fc7\u7a0b\u4e2d\uff0c\u80fd\u591f\u5b9e\u65f6\u5730\u5c06\u5404\u79cd\u578b\u7802\u539f\u6750\u6599\uff0c\u5982\u7802\u3001\u7c98\u7ed3\u5242\u3001\u9644\u52a0\u5242\u7b49\uff0c\u6309\u7167\u7cbe\u786e\u7684\u914d\u6bd4\u8fdb\u884c\u6df7\u5408\uff0c\u5e76\u76f4\u63a5\u4f9b\u5e94\u5230\u9020\u578b\u6216\u5236\u82af\u8bbe\u5907\u7684\u6df7\u7802\u8bbe\u5907\u3002\u5b83\u662f\u94f8\u9020\u81ea\u52a8\u5316\u751f\u4ea7\u7ebf\u4e2d\u7684\u5173\u952e\u8bbe\u5907\u4e4b\u4e00\uff0c\u53ef\u5b9e\u73b0\u578b\u7802\u6df7\u5236\u7684\u8fde\u7eed\u5316\u3001\u81ea\u52a8\u5316\u548c\u7cbe\u786e\u5316\u3002","og_url":"https:\/\/www.3dptek.com\/fr\/industrial-3d-printers\/online-sand-mixer\/","og_site_name":"\u4e09\u5e1d\u79d1\u6280\u80a1\u4efd\u6709\u9650\u516c\u53f8","article_modified_time":"2024-12-27T03:07:02+00:00","og_image":[{"width":800,"height":600,"url":"https:\/\/www.3dptek.com\/wp-content\/uploads\/2024\/12\/3DPTEK-SM600.png","type":"image\/png"}],"twitter_card":"summary_large_image","twitter_misc":{"Dur\u00e9e de lecture estim\u00e9e":"2 minutes"},"schema":{"@context":"https:\/\/schema.org","@graph":[{"@type":"WebPage","@id":"https:\/\/www.3dptek.com\/industrial-3d-printers\/online-sand-mixer\/","url":"https:\/\/www.3dptek.com\/industrial-3d-printers\/online-sand-mixer\/","name":"M\u00e9langeur de sable en ligne - SANDI TECHNOLOGY CO.","isPartOf":{"@id":"https:\/\/www.3dptek.com\/#website"},"primaryImageOfPage":{"@id":"https:\/\/www.3dptek.com\/industrial-3d-printers\/online-sand-mixer\/#primaryimage"},"image":{"@id":"https:\/\/www.3dptek.com\/industrial-3d-printers\/online-sand-mixer\/#primaryimage"},"thumbnailUrl":"https:\/\/www.3dptek.com\/wp-content\/uploads\/2024\/12\/3DPTEK-SM600.png","datePublished":"2024-12-26T08:43:51+00:00","dateModified":"2024-12-27T03:07:02+00:00","description":"Le m\u00e9langeur de sable en ligne est un \u00e9quipement de m\u00e9lange de sable qui peut m\u00e9langer diverses mati\u00e8res premi\u00e8res, telles que le sable, le liant, les additifs, etc., selon un ratio pr\u00e9cis en temps r\u00e9el au cours du processus de production de moulage et les fournir directement \u00e0 l'\u00e9quipement de moulage ou de fabrication de noyaux. Il s'agit de l'un des \u00e9quipements cl\u00e9s de la ligne de production automatis\u00e9e de moulage, qui peut r\u00e9aliser la continuit\u00e9, l'automatisation et la pr\u00e9cision du m\u00e9lange de sable.","breadcrumb":{"@id":"https:\/\/www.3dptek.com\/industrial-3d-printers\/online-sand-mixer\/#breadcrumb"},"inLanguage":"fr-FR","potentialAction":[{"@type":"ReadAction","target":["https:\/\/www.3dptek.com\/industrial-3d-printers\/online-sand-mixer\/"]}]},{"@type":"ImageObject","inLanguage":"fr-FR","@id":"https:\/\/www.3dptek.com\/industrial-3d-printers\/online-sand-mixer\/#primaryimage","url":"https:\/\/www.3dptek.com\/wp-content\/uploads\/2024\/12\/3DPTEK-SM600.png","contentUrl":"https:\/\/www.3dptek.com\/wp-content\/uploads\/2024\/12\/3DPTEK-SM600.png","width":800,"height":600,"caption":"\u5728\u7ebf\u6df7\u7802\u673a\uff1a3DPTEK-SM600"},{"@type":"BreadcrumbList","@id":"https:\/\/www.3dptek.com\/industrial-3d-printers\/online-sand-mixer\/#breadcrumb","itemListElement":[{"@type":"ListItem","position":1,"name":"\u9996\u9875","item":"https:\/\/www.3dptek.com\/"},{"@type":"ListItem","position":2,"name":"\u5de5\u4e1a3D\u6253\u5370\u673a","item":"https:\/\/www.3dptek.com\/industrial-3d-printers\/"},{"@type":"ListItem","position":3,"name":"\u5728\u7ebf\u6df7\u7802\u673a"}]},{"@type":"WebSite","@id":"https:\/\/www.3dptek.com\/#website","url":"https:\/\/www.3dptek.com\/","name":"SANDY TECHNOLOGY CO.","description":"","potentialAction":[{"@type":"SearchAction","target":{"@type":"EntryPoint","urlTemplate":"https:\/\/www.3dptek.com\/?s={search_term_string}"},"query-input":{"@type":"PropertyValueSpecification","valueRequired":true,"valueName":"search_term_string"}}],"inLanguage":"fr-FR"}]}},"_links":{"self":[{"href":"https:\/\/www.3dptek.com\/fr\/wp-json\/wp\/v2\/pages\/1965","targetHints":{"allow":["GET"]}}],"collection":[{"href":"https:\/\/www.3dptek.com\/fr\/wp-json\/wp\/v2\/pages"}],"about":[{"href":"https:\/\/www.3dptek.com\/fr\/wp-json\/wp\/v2\/types\/page"}],"author":[{"embeddable":true,"href":"https:\/\/www.3dptek.com\/fr\/wp-json\/wp\/v2\/users\/1"}],"replies":[{"embeddable":true,"href":"https:\/\/www.3dptek.com\/fr\/wp-json\/wp\/v2\/comments?post=1965"}],"version-history":[{"count":1,"href":"https:\/\/www.3dptek.com\/fr\/wp-json\/wp\/v2\/pages\/1965\/revisions"}],"predecessor-version":[{"id":1966,"href":"https:\/\/www.3dptek.com\/fr\/wp-json\/wp\/v2\/pages\/1965\/revisions\/1966"}],"up":[{"embeddable":true,"href":"https:\/\/www.3dptek.com\/fr\/wp-json\/wp\/v2\/pages\/187"}],"wp:featuredmedia":[{"embeddable":true,"href":"https:\/\/www.3dptek.com\/fr\/wp-json\/wp\/v2\/media\/1973"}],"wp:attachment":[{"href":"https:\/\/www.3dptek.com\/fr\/wp-json\/wp\/v2\/media?parent=1965"}],"curies":[{"name":"wp","href":"https:\/\/api.w.org\/{rel}","templated":true}]}}