{"id":191,"date":"2024-04-01T18:04:40","date_gmt":"2024-04-01T10:04:40","guid":{"rendered":"https:\/\/test.3dptek.com\/?page_id=191"},"modified":"2026-01-21T17:44:34","modified_gmt":"2026-01-21T09:44:34","slug":"3dptek-j1600pro","status":"publish","type":"page","link":"https:\/\/www.3dptek.com\/fr\/industrial-3d-printers\/sand-3d-printer\/3dptek-j1600pro\/","title":{"rendered":"Imprimante 3D \u00e0 sable : 3DPTEK-J1600Pro"},"content":{"rendered":"","protected":false},"excerpt":{"rendered":"","protected":false},"author":1,"featured_media":1712,"parent":189,"menu_order":0,"comment_status":"closed","ping_status":"closed","template":"","meta":{"_yoast_wpseo_focuskw":"","_yoast_wpseo_title":"3DPTEK-J1600Pro\uff1a\u8d85\u9ad8\u901f\u7802\u578b3D\u6253\u5370\u673a\uff0c\u94f8\u9020\u6548\u7387\u65b0\u9ad8\u5ea6 %%sep%% %%sitename%%","_yoast_wpseo_metadesc":"3DPTEK-J1600Pro\u662f\u4e00\u6b3e\u8d85\u9ad8\u901f\u7802\u578b3D\u6253\u5370\u673a\uff0c\u53ef\u663e\u8457\u7f29\u77ed\u751f\u4ea7\u5468\u671f\uff0c\u63d0\u9ad8\u751f\u4ea7\u6548\u7387\uff0c\u6ee1\u8db3\u5927\u89c4\u6a21\u751f\u4ea7\u9700\u6c42\u3002\u8be5\u8bbe\u5907\u4e0d\u4ec5\u5177\u5907\u6781\u9ad8\u7684\u6253\u5370\u7cbe\u5ea6\uff0c\u8fd8\u80fd\u786e\u4fdd\u94f8\u4ef6\u7684\u8d28\u91cf\u548c\u4e00\u81f4\u6027\uff0c\u662f\u94f8\u9020\u884c\u4e1a\u63d0\u5347\u751f\u4ea7\u529b\u548c\u7ade\u4e89\u529b\u7684\u7406\u60f3\u9009\u62e9\u3002","footnotes":""},"class_list":["post-191","page","type-page","status-publish","has-post-thumbnail","hentry"],"acf":[],"yoast_head":"\n3DPTEK-J1600Pro\uff1a\u8d85\u9ad8\u901f\u7802\u578b3D\u6253\u5370\u673a\uff0c\u94f8\u9020\u6548\u7387\u65b0\u9ad8\u5ea6 - \u4e09\u5e1d\u79d1\u6280\u80a1\u4efd\u6709\u9650\u516c\u53f8<\/title>\n<meta name=\"description\" content=\"3DPTEK-J1600Pro\u662f\u4e00\u6b3e\u8d85\u9ad8\u901f\u7802\u578b3D\u6253\u5370\u673a\uff0c\u53ef\u663e\u8457\u7f29\u77ed\u751f\u4ea7\u5468\u671f\uff0c\u63d0\u9ad8\u751f\u4ea7\u6548\u7387\uff0c\u6ee1\u8db3\u5927\u89c4\u6a21\u751f\u4ea7\u9700\u6c42\u3002\u8be5\u8bbe\u5907\u4e0d\u4ec5\u5177\u5907\u6781\u9ad8\u7684\u6253\u5370\u7cbe\u5ea6\uff0c\u8fd8\u80fd\u786e\u4fdd\u94f8\u4ef6\u7684\u8d28\u91cf\u548c\u4e00\u81f4\u6027\uff0c\u662f\u94f8\u9020\u884c\u4e1a\u63d0\u5347\u751f\u4ea7\u529b\u548c\u7ade\u4e89\u529b\u7684\u7406\u60f3\u9009\u62e9\u3002\" \/>\n<meta name=\"robots\" content=\"index, follow, max-snippet:-1, max-image-preview:large, max-video-preview:-1\" \/>\n<link rel=\"canonical\" href=\"https:\/\/www.3dptek.com\/fr\/industrial-3d-printers\/sand-3d-printer\/3dptek-j1600pro\/\" \/>\n<meta property=\"og:locale\" content=\"fr_FR\" \/>\n<meta property=\"og:type\" content=\"article\" \/>\n<meta property=\"og:title\" content=\"\u7802\u578b3D\u6253\u5370\u673a\uff1a3DPTEK-J1600Pro\" \/>\n<meta property=\"og:description\" content=\"3DPTEK-J1600Pro\u662f\u4e00\u6b3e\u8d85\u9ad8\u901f\u7802\u578b3D\u6253\u5370\u673a\uff0c\u53ef\u663e\u8457\u7f29\u77ed\u751f\u4ea7\u5468\u671f\uff0c\u63d0\u9ad8\u751f\u4ea7\u6548\u7387\uff0c\u6ee1\u8db3\u5927\u89c4\u6a21\u751f\u4ea7\u9700\u6c42\u3002\u8be5\u8bbe\u5907\u4e0d\u4ec5\u5177\u5907\u6781\u9ad8\u7684\u6253\u5370\u7cbe\u5ea6\uff0c\u8fd8\u80fd\u786e\u4fdd\u94f8\u4ef6\u7684\u8d28\u91cf\u548c\u4e00\u81f4\u6027\uff0c\u662f\u94f8\u9020\u884c\u4e1a\u63d0\u5347\u751f\u4ea7\u529b\u548c\u7ade\u4e89\u529b\u7684\u7406\u60f3\u9009\u62e9\u3002\" \/>\n<meta property=\"og:url\" content=\"https:\/\/www.3dptek.com\/fr\/industrial-3d-printers\/sand-3d-printer\/3dptek-j1600pro\/\" \/>\n<meta property=\"og:site_name\" content=\"\u4e09\u5e1d\u79d1\u6280\u80a1\u4efd\u6709\u9650\u516c\u53f8\" \/>\n<meta property=\"article:modified_time\" content=\"2026-01-21T09:44:34+00:00\" \/>\n<meta property=\"og:image\" content=\"https:\/\/www.3dptek.com\/wp-content\/uploads\/2024\/10\/Binder-jetting-sand-3d-printer-3DPTEK-J1600Pro.jpg\" \/>\n\t<meta property=\"og:image:width\" content=\"800\" \/>\n\t<meta property=\"og:image:height\" content=\"600\" \/>\n\t<meta property=\"og:image:type\" content=\"image\/jpeg\" \/>\n<meta name=\"twitter:card\" content=\"summary_large_image\" \/>\n<meta name=\"twitter:label1\" content=\"Dur\u00e9e de lecture estim\u00e9e\" \/>\n\t<meta name=\"twitter:data1\" content=\"3 minutes\" \/>\n<script type=\"application\/ld+json\" class=\"yoast-schema-graph\">{\"@context\":\"https:\/\/schema.org\",\"@graph\":[{\"@type\":\"WebPage\",\"@id\":\"https:\/\/www.3dptek.com\/industrial-3d-printers\/sand-3d-printer\/3dptek-j1600pro\/\",\"url\":\"https:\/\/www.3dptek.com\/industrial-3d-printers\/sand-3d-printer\/3dptek-j1600pro\/\",\"name\":\"3DPTEK-J1600Pro\uff1a\u8d85\u9ad8\u901f\u7802\u578b3D\u6253\u5370\u673a\uff0c\u94f8\u9020\u6548\u7387\u65b0\u9ad8\u5ea6 - \u4e09\u5e1d\u79d1\u6280\u80a1\u4efd\u6709\u9650\u516c\u53f8\",\"isPartOf\":{\"@id\":\"https:\/\/www.3dptek.com\/#website\"},\"primaryImageOfPage\":{\"@id\":\"https:\/\/www.3dptek.com\/industrial-3d-printers\/sand-3d-printer\/3dptek-j1600pro\/#primaryimage\"},\"image\":{\"@id\":\"https:\/\/www.3dptek.com\/industrial-3d-printers\/sand-3d-printer\/3dptek-j1600pro\/#primaryimage\"},\"thumbnailUrl\":\"https:\/\/www.3dptek.com\/wp-content\/uploads\/2024\/10\/Binder-jetting-sand-3d-printer-3DPTEK-J1600Pro.jpg\",\"datePublished\":\"2024-04-01T10:04:40+00:00\",\"dateModified\":\"2026-01-21T09:44:34+00:00\",\"description\":\"3DPTEK-J1600Pro\u662f\u4e00\u6b3e\u8d85\u9ad8\u901f\u7802\u578b3D\u6253\u5370\u673a\uff0c\u53ef\u663e\u8457\u7f29\u77ed\u751f\u4ea7\u5468\u671f\uff0c\u63d0\u9ad8\u751f\u4ea7\u6548\u7387\uff0c\u6ee1\u8db3\u5927\u89c4\u6a21\u751f\u4ea7\u9700\u6c42\u3002\u8be5\u8bbe\u5907\u4e0d\u4ec5\u5177\u5907\u6781\u9ad8\u7684\u6253\u5370\u7cbe\u5ea6\uff0c\u8fd8\u80fd\u786e\u4fdd\u94f8\u4ef6\u7684\u8d28\u91cf\u548c\u4e00\u81f4\u6027\uff0c\u662f\u94f8\u9020\u884c\u4e1a\u63d0\u5347\u751f\u4ea7\u529b\u548c\u7ade\u4e89\u529b\u7684\u7406\u60f3\u9009\u62e9\u3002\",\"breadcrumb\":{\"@id\":\"https:\/\/www.3dptek.com\/industrial-3d-printers\/sand-3d-printer\/3dptek-j1600pro\/#breadcrumb\"},\"inLanguage\":\"fr-FR\",\"potentialAction\":[{\"@type\":\"ReadAction\",\"target\":[\"https:\/\/www.3dptek.com\/industrial-3d-printers\/sand-3d-printer\/3dptek-j1600pro\/\"]}]},{\"@type\":\"ImageObject\",\"inLanguage\":\"fr-FR\",\"@id\":\"https:\/\/www.3dptek.com\/industrial-3d-printers\/sand-3d-printer\/3dptek-j1600pro\/#primaryimage\",\"url\":\"https:\/\/www.3dptek.com\/wp-content\/uploads\/2024\/10\/Binder-jetting-sand-3d-printer-3DPTEK-J1600Pro.jpg\",\"contentUrl\":\"https:\/\/www.3dptek.com\/wp-content\/uploads\/2024\/10\/Binder-jetting-sand-3d-printer-3DPTEK-J1600Pro.jpg\",\"width\":800,\"height\":600,\"caption\":\"3dptek-J1600Plus \u7802\u578b3D\u6253\u5370\u673a\"},{\"@type\":\"BreadcrumbList\",\"@id\":\"https:\/\/www.3dptek.com\/industrial-3d-printers\/sand-3d-printer\/3dptek-j1600pro\/#breadcrumb\",\"itemListElement\":[{\"@type\":\"ListItem\",\"position\":1,\"name\":\"\u9996\u9875\",\"item\":\"https:\/\/www.3dptek.com\/\"},{\"@type\":\"ListItem\",\"position\":2,\"name\":\"\u5de5\u4e1a3D\u6253\u5370\u673a\",\"item\":\"https:\/\/www.3dptek.com\/industrial-3d-printers\/\"},{\"@type\":\"ListItem\",\"position\":3,\"name\":\"3DP\u7802\u578b3D\u6253\u5370\u673a\",\"item\":\"https:\/\/www.3dptek.com\/industrial-3d-printers\/sand-3d-printer\/\"},{\"@type\":\"ListItem\",\"position\":4,\"name\":\"\u7802\u578b3D\u6253\u5370\u673a\uff1a3DPTEK-J1600Pro\"}]},{\"@type\":\"WebSite\",\"@id\":\"https:\/\/www.3dptek.com\/#website\",\"url\":\"https:\/\/www.3dptek.com\/\",\"name\":\"\u4e09\u5e1d\u79d1\u6280\u80a1\u4efd\u6709\u9650\u516c\u53f8\",\"description\":\"\",\"potentialAction\":[{\"@type\":\"SearchAction\",\"target\":{\"@type\":\"EntryPoint\",\"urlTemplate\":\"https:\/\/www.3dptek.com\/?s={search_term_string}\"},\"query-input\":{\"@type\":\"PropertyValueSpecification\",\"valueRequired\":true,\"valueName\":\"search_term_string\"}}],\"inLanguage\":\"fr-FR\"}]}<\/script>\n<!-- \/ Yoast SEO Premium plugin. -->","yoast_head_json":{"title":"3DPTEK-J1600Pro : Imprimante 3D \u00e0 sable ultra-rapide, un nouveau sommet dans l'efficacit\u00e9 du moulage - SANDY TECHNOLOGY CO.","description":"La 3DPTEK-J1600Pro est une imprimante 3D \u00e0 sable \u00e0 ultra-haute vitesse qui r\u00e9duit consid\u00e9rablement la dur\u00e9e du cycle de production, am\u00e9liore la productivit\u00e9 et r\u00e9pond aux exigences de la production de masse. L'appareil offre non seulement une pr\u00e9cision d'impression extr\u00eamement \u00e9lev\u00e9e, mais garantit \u00e9galement la qualit\u00e9 et la coh\u00e9rence des pi\u00e8ces moul\u00e9es, ce qui en fait un choix id\u00e9al pour l'industrie de la fonderie afin d'am\u00e9liorer la productivit\u00e9 et la comp\u00e9titivit\u00e9.","robots":{"index":"index","follow":"follow","max-snippet":"max-snippet:-1","max-image-preview":"max-image-preview:large","max-video-preview":"max-video-preview:-1"},"canonical":"https:\/\/www.3dptek.com\/fr\/industrial-3d-printers\/sand-3d-printer\/3dptek-j1600pro\/","og_locale":"fr_FR","og_type":"article","og_title":"\u7802\u578b3D\u6253\u5370\u673a\uff1a3DPTEK-J1600Pro","og_description":"3DPTEK-J1600Pro\u662f\u4e00\u6b3e\u8d85\u9ad8\u901f\u7802\u578b3D\u6253\u5370\u673a\uff0c\u53ef\u663e\u8457\u7f29\u77ed\u751f\u4ea7\u5468\u671f\uff0c\u63d0\u9ad8\u751f\u4ea7\u6548\u7387\uff0c\u6ee1\u8db3\u5927\u89c4\u6a21\u751f\u4ea7\u9700\u6c42\u3002\u8be5\u8bbe\u5907\u4e0d\u4ec5\u5177\u5907\u6781\u9ad8\u7684\u6253\u5370\u7cbe\u5ea6\uff0c\u8fd8\u80fd\u786e\u4fdd\u94f8\u4ef6\u7684\u8d28\u91cf\u548c\u4e00\u81f4\u6027\uff0c\u662f\u94f8\u9020\u884c\u4e1a\u63d0\u5347\u751f\u4ea7\u529b\u548c\u7ade\u4e89\u529b\u7684\u7406\u60f3\u9009\u62e9\u3002","og_url":"https:\/\/www.3dptek.com\/fr\/industrial-3d-printers\/sand-3d-printer\/3dptek-j1600pro\/","og_site_name":"\u4e09\u5e1d\u79d1\u6280\u80a1\u4efd\u6709\u9650\u516c\u53f8","article_modified_time":"2026-01-21T09:44:34+00:00","og_image":[{"width":800,"height":600,"url":"https:\/\/www.3dptek.com\/wp-content\/uploads\/2024\/10\/Binder-jetting-sand-3d-printer-3DPTEK-J1600Pro.jpg","type":"image\/jpeg"}],"twitter_card":"summary_large_image","twitter_misc":{"Dur\u00e9e de lecture estim\u00e9e":"3 minutes"},"schema":{"@context":"https:\/\/schema.org","@graph":[{"@type":"WebPage","@id":"https:\/\/www.3dptek.com\/industrial-3d-printers\/sand-3d-printer\/3dptek-j1600pro\/","url":"https:\/\/www.3dptek.com\/industrial-3d-printers\/sand-3d-printer\/3dptek-j1600pro\/","name":"3DPTEK-J1600Pro : Imprimante 3D \u00e0 sable ultra-rapide, un nouveau sommet dans l'efficacit\u00e9 du moulage - SANDY TECHNOLOGY CO.","isPartOf":{"@id":"https:\/\/www.3dptek.com\/#website"},"primaryImageOfPage":{"@id":"https:\/\/www.3dptek.com\/industrial-3d-printers\/sand-3d-printer\/3dptek-j1600pro\/#primaryimage"},"image":{"@id":"https:\/\/www.3dptek.com\/industrial-3d-printers\/sand-3d-printer\/3dptek-j1600pro\/#primaryimage"},"thumbnailUrl":"https:\/\/www.3dptek.com\/wp-content\/uploads\/2024\/10\/Binder-jetting-sand-3d-printer-3DPTEK-J1600Pro.jpg","datePublished":"2024-04-01T10:04:40+00:00","dateModified":"2026-01-21T09:44:34+00:00","description":"La 3DPTEK-J1600Pro est une imprimante 3D \u00e0 sable \u00e0 ultra-haute vitesse qui r\u00e9duit consid\u00e9rablement la dur\u00e9e du cycle de production, am\u00e9liore la productivit\u00e9 et r\u00e9pond aux exigences de la production de masse. L'appareil offre non seulement une pr\u00e9cision d'impression extr\u00eamement \u00e9lev\u00e9e, mais garantit \u00e9galement la qualit\u00e9 et la coh\u00e9rence des pi\u00e8ces moul\u00e9es, ce qui en fait un choix id\u00e9al pour l'industrie de la fonderie afin d'am\u00e9liorer la productivit\u00e9 et la comp\u00e9titivit\u00e9.","breadcrumb":{"@id":"https:\/\/www.3dptek.com\/industrial-3d-printers\/sand-3d-printer\/3dptek-j1600pro\/#breadcrumb"},"inLanguage":"fr-FR","potentialAction":[{"@type":"ReadAction","target":["https:\/\/www.3dptek.com\/industrial-3d-printers\/sand-3d-printer\/3dptek-j1600pro\/"]}]},{"@type":"ImageObject","inLanguage":"fr-FR","@id":"https:\/\/www.3dptek.com\/industrial-3d-printers\/sand-3d-printer\/3dptek-j1600pro\/#primaryimage","url":"https:\/\/www.3dptek.com\/wp-content\/uploads\/2024\/10\/Binder-jetting-sand-3d-printer-3DPTEK-J1600Pro.jpg","contentUrl":"https:\/\/www.3dptek.com\/wp-content\/uploads\/2024\/10\/Binder-jetting-sand-3d-printer-3DPTEK-J1600Pro.jpg","width":800,"height":600,"caption":"3dptek-J1600Plus \u7802\u578b3D\u6253\u5370\u673a"},{"@type":"BreadcrumbList","@id":"https:\/\/www.3dptek.com\/industrial-3d-printers\/sand-3d-printer\/3dptek-j1600pro\/#breadcrumb","itemListElement":[{"@type":"ListItem","position":1,"name":"\u9996\u9875","item":"https:\/\/www.3dptek.com\/"},{"@type":"ListItem","position":2,"name":"\u5de5\u4e1a3D\u6253\u5370\u673a","item":"https:\/\/www.3dptek.com\/industrial-3d-printers\/"},{"@type":"ListItem","position":3,"name":"3DP\u7802\u578b3D\u6253\u5370\u673a","item":"https:\/\/www.3dptek.com\/industrial-3d-printers\/sand-3d-printer\/"},{"@type":"ListItem","position":4,"name":"\u7802\u578b3D\u6253\u5370\u673a\uff1a3DPTEK-J1600Pro"}]},{"@type":"WebSite","@id":"https:\/\/www.3dptek.com\/#website","url":"https:\/\/www.3dptek.com\/","name":"SANDY TECHNOLOGY CO.","description":"","potentialAction":[{"@type":"SearchAction","target":{"@type":"EntryPoint","urlTemplate":"https:\/\/www.3dptek.com\/?s={search_term_string}"},"query-input":{"@type":"PropertyValueSpecification","valueRequired":true,"valueName":"search_term_string"}}],"inLanguage":"fr-FR"}]}},"_links":{"self":[{"href":"https:\/\/www.3dptek.com\/fr\/wp-json\/wp\/v2\/pages\/191","targetHints":{"allow":["GET"]}}],"collection":[{"href":"https:\/\/www.3dptek.com\/fr\/wp-json\/wp\/v2\/pages"}],"about":[{"href":"https:\/\/www.3dptek.com\/fr\/wp-json\/wp\/v2\/types\/page"}],"author":[{"embeddable":true,"href":"https:\/\/www.3dptek.com\/fr\/wp-json\/wp\/v2\/users\/1"}],"replies":[{"embeddable":true,"href":"https:\/\/www.3dptek.com\/fr\/wp-json\/wp\/v2\/comments?post=191"}],"version-history":[{"count":12,"href":"https:\/\/www.3dptek.com\/fr\/wp-json\/wp\/v2\/pages\/191\/revisions"}],"predecessor-version":[{"id":2541,"href":"https:\/\/www.3dptek.com\/fr\/wp-json\/wp\/v2\/pages\/191\/revisions\/2541"}],"up":[{"embeddable":true,"href":"https:\/\/www.3dptek.com\/fr\/wp-json\/wp\/v2\/pages\/189"}],"wp:featuredmedia":[{"embeddable":true,"href":"https:\/\/www.3dptek.com\/fr\/wp-json\/wp\/v2\/media\/1712"}],"wp:attachment":[{"href":"https:\/\/www.3dptek.com\/fr\/wp-json\/wp\/v2\/media?parent=191"}],"curies":[{"name":"wp","href":"https:\/\/api.w.org\/{rel}","templated":true}]}}