{"id":187,"date":"2024-04-01T15:07:37","date_gmt":"2024-04-01T07:07:37","guid":{"rendered":"https:\/\/test.3dptek.com\/?page_id=187"},"modified":"2024-05-30T10:54:05","modified_gmt":"2024-05-30T02:54:05","slug":"industrial-3d-printers","status":"publish","type":"page","link":"https:\/\/www.3dptek.com\/fr\/industrial-3d-printers\/","title":{"rendered":"Imprimantes 3D industrielles"},"content":{"rendered":"","protected":false},"excerpt":{"rendered":"","protected":false},"author":1,"featured_media":0,"parent":0,"menu_order":0,"comment_status":"closed","ping_status":"closed","template":"","meta":{"_yoast_wpseo_focuskw":"","_yoast_wpseo_title":"\u5de5\u4e1a\u7ea73D\u6253\u5370\u673a\uff1a\u6253\u9020\u672a\u6765\u7684\u5236\u9020\u6280\u672f\u4e28\u5353\u4e1a\u54c1\u8d28\u4e28\u9ad8\u6027\u4ef7\u6bd4\u4e28\u8fd0\u884c\u7a33\u5b9a %%sep%% %%sitename%%","_yoast_wpseo_metadesc":"\u4e09\u5e1d\u79d1\u6280\u4f5c\u4e3a\u540c\u65f6\u62e5\u6709\u201cSLS+SLM+3DP+BJ\u201d3D\u6253\u5370\u5de5\u827a\u7684\u6280\u672f\u521b\u65b0\u8005\uff0c\u81ea\u4e3b\u7814\u53d1\u4e86SLS\u9009\u533a\u6fc0\u5149\u70e7\u7ed3\u3001SLM\u9009\u533a\u6fc0\u5149\u7194\u5316\u30013DP\u7802\u578b\u6253\u5370\u3001BJ\u7c98\u7ed3\u5242\u55b7\u5c04\u91d1\u5c5e\/\u9676\u74f7\u6253\u5370\u7b49\u5de5\u4e1a\u7ea73D\u6253\u5370\u673a\u3002","footnotes":""},"class_list":["post-187","page","type-page","status-publish","hentry"],"acf":[],"yoast_head":"\n\u5de5\u4e1a\u7ea73D\u6253\u5370\u673a\uff1a\u6253\u9020\u672a\u6765\u7684\u5236\u9020\u6280\u672f\u4e28\u5353\u4e1a\u54c1\u8d28\u4e28\u9ad8\u6027\u4ef7\u6bd4\u4e28\u8fd0\u884c\u7a33\u5b9a - \u4e09\u5e1d\u79d1\u6280\u80a1\u4efd\u6709\u9650\u516c\u53f8<\/title>\n<meta name=\"description\" content=\"\u4e09\u5e1d\u79d1\u6280\u4f5c\u4e3a\u540c\u65f6\u62e5\u6709\u201cSLS+SLM+3DP+BJ\u201d3D\u6253\u5370\u5de5\u827a\u7684\u6280\u672f\u521b\u65b0\u8005\uff0c\u81ea\u4e3b\u7814\u53d1\u4e86SLS\u9009\u533a\u6fc0\u5149\u70e7\u7ed3\u3001SLM\u9009\u533a\u6fc0\u5149\u7194\u5316\u30013DP\u7802\u578b\u6253\u5370\u3001BJ\u7c98\u7ed3\u5242\u55b7\u5c04\u91d1\u5c5e\/\u9676\u74f7\u6253\u5370\u7b49\u5de5\u4e1a\u7ea73D\u6253\u5370\u673a\u3002\" \/>\n<meta name=\"robots\" content=\"index, follow, max-snippet:-1, max-image-preview:large, max-video-preview:-1\" \/>\n<link rel=\"canonical\" href=\"https:\/\/www.3dptek.com\/fr\/industrial-3d-printers\/\" \/>\n<meta property=\"og:locale\" content=\"fr_FR\" \/>\n<meta property=\"og:type\" content=\"article\" \/>\n<meta property=\"og:title\" content=\"\u5de5\u4e1a3D\u6253\u5370\u673a\" \/>\n<meta property=\"og:description\" content=\"\u4e09\u5e1d\u79d1\u6280\u4f5c\u4e3a\u540c\u65f6\u62e5\u6709\u201cSLS+SLM+3DP+BJ\u201d3D\u6253\u5370\u5de5\u827a\u7684\u6280\u672f\u521b\u65b0\u8005\uff0c\u81ea\u4e3b\u7814\u53d1\u4e86SLS\u9009\u533a\u6fc0\u5149\u70e7\u7ed3\u3001SLM\u9009\u533a\u6fc0\u5149\u7194\u5316\u30013DP\u7802\u578b\u6253\u5370\u3001BJ\u7c98\u7ed3\u5242\u55b7\u5c04\u91d1\u5c5e\/\u9676\u74f7\u6253\u5370\u7b49\u5de5\u4e1a\u7ea73D\u6253\u5370\u673a\u3002\" \/>\n<meta property=\"og:url\" content=\"https:\/\/www.3dptek.com\/fr\/industrial-3d-printers\/\" \/>\n<meta property=\"og:site_name\" content=\"\u4e09\u5e1d\u79d1\u6280\u80a1\u4efd\u6709\u9650\u516c\u53f8\" \/>\n<meta property=\"article:modified_time\" content=\"2024-05-30T02:54:05+00:00\" \/>\n<meta name=\"twitter:card\" content=\"summary_large_image\" \/>\n<meta name=\"twitter:label1\" content=\"Dur\u00e9e de lecture estim\u00e9e\" \/>\n\t<meta name=\"twitter:data1\" content=\"2 minutes\" \/>\n<script type=\"application\/ld+json\" class=\"yoast-schema-graph\">{\"@context\":\"https:\/\/schema.org\",\"@graph\":[{\"@type\":\"WebPage\",\"@id\":\"https:\/\/www.3dptek.com\/industrial-3d-printers\/\",\"url\":\"https:\/\/www.3dptek.com\/industrial-3d-printers\/\",\"name\":\"\u5de5\u4e1a\u7ea73D\u6253\u5370\u673a\uff1a\u6253\u9020\u672a\u6765\u7684\u5236\u9020\u6280\u672f\u4e28\u5353\u4e1a\u54c1\u8d28\u4e28\u9ad8\u6027\u4ef7\u6bd4\u4e28\u8fd0\u884c\u7a33\u5b9a - \u4e09\u5e1d\u79d1\u6280\u80a1\u4efd\u6709\u9650\u516c\u53f8\",\"isPartOf\":{\"@id\":\"https:\/\/www.3dptek.com\/#website\"},\"datePublished\":\"2024-04-01T07:07:37+00:00\",\"dateModified\":\"2024-05-30T02:54:05+00:00\",\"description\":\"\u4e09\u5e1d\u79d1\u6280\u4f5c\u4e3a\u540c\u65f6\u62e5\u6709\u201cSLS+SLM+3DP+BJ\u201d3D\u6253\u5370\u5de5\u827a\u7684\u6280\u672f\u521b\u65b0\u8005\uff0c\u81ea\u4e3b\u7814\u53d1\u4e86SLS\u9009\u533a\u6fc0\u5149\u70e7\u7ed3\u3001SLM\u9009\u533a\u6fc0\u5149\u7194\u5316\u30013DP\u7802\u578b\u6253\u5370\u3001BJ\u7c98\u7ed3\u5242\u55b7\u5c04\u91d1\u5c5e\/\u9676\u74f7\u6253\u5370\u7b49\u5de5\u4e1a\u7ea73D\u6253\u5370\u673a\u3002\",\"breadcrumb\":{\"@id\":\"https:\/\/www.3dptek.com\/industrial-3d-printers\/#breadcrumb\"},\"inLanguage\":\"fr-FR\",\"potentialAction\":[{\"@type\":\"ReadAction\",\"target\":[\"https:\/\/www.3dptek.com\/industrial-3d-printers\/\"]}]},{\"@type\":\"BreadcrumbList\",\"@id\":\"https:\/\/www.3dptek.com\/industrial-3d-printers\/#breadcrumb\",\"itemListElement\":[{\"@type\":\"ListItem\",\"position\":1,\"name\":\"\u9996\u9875\",\"item\":\"https:\/\/www.3dptek.com\/\"},{\"@type\":\"ListItem\",\"position\":2,\"name\":\"\u5de5\u4e1a3D\u6253\u5370\u673a\"}]},{\"@type\":\"WebSite\",\"@id\":\"https:\/\/www.3dptek.com\/#website\",\"url\":\"https:\/\/www.3dptek.com\/\",\"name\":\"\u4e09\u5e1d\u79d1\u6280\u80a1\u4efd\u6709\u9650\u516c\u53f8\",\"description\":\"\",\"potentialAction\":[{\"@type\":\"SearchAction\",\"target\":{\"@type\":\"EntryPoint\",\"urlTemplate\":\"https:\/\/www.3dptek.com\/?s={search_term_string}\"},\"query-input\":{\"@type\":\"PropertyValueSpecification\",\"valueRequired\":true,\"valueName\":\"search_term_string\"}}],\"inLanguage\":\"fr-FR\"}]}<\/script>\n<!-- \/ Yoast SEO Premium plugin. -->","yoast_head_json":{"title":"Imprimante 3D de qualit\u00e9 industrielle : cr\u00e9er la technologie de fabrication du futur \u4e28\u5353\u4e1a\u54c1\u8d28\u4e28\u9ad8\u4ef7\u6bd4\u4e28\u8fd0\u884c\u7a33\u5b9a - SANDY TECHNOLOGY CO.","description":"En tant qu'innovateur technologique avec le processus d'impression 3D \"SLS+SLM+3DP+BJ\", SANDI a d\u00e9velopp\u00e9 de mani\u00e8re ind\u00e9pendante des imprimantes 3D de qualit\u00e9 industrielle, telles que le frittage s\u00e9lectif par laser SLS, la fusion s\u00e9lective par laser SLM, l'impression de sable 3DP et l'impression de m\u00e9tal\/c\u00e9ramique par jet de liant BJ.","robots":{"index":"index","follow":"follow","max-snippet":"max-snippet:-1","max-image-preview":"max-image-preview:large","max-video-preview":"max-video-preview:-1"},"canonical":"https:\/\/www.3dptek.com\/fr\/industrial-3d-printers\/","og_locale":"fr_FR","og_type":"article","og_title":"\u5de5\u4e1a3D\u6253\u5370\u673a","og_description":"\u4e09\u5e1d\u79d1\u6280\u4f5c\u4e3a\u540c\u65f6\u62e5\u6709\u201cSLS+SLM+3DP+BJ\u201d3D\u6253\u5370\u5de5\u827a\u7684\u6280\u672f\u521b\u65b0\u8005\uff0c\u81ea\u4e3b\u7814\u53d1\u4e86SLS\u9009\u533a\u6fc0\u5149\u70e7\u7ed3\u3001SLM\u9009\u533a\u6fc0\u5149\u7194\u5316\u30013DP\u7802\u578b\u6253\u5370\u3001BJ\u7c98\u7ed3\u5242\u55b7\u5c04\u91d1\u5c5e\/\u9676\u74f7\u6253\u5370\u7b49\u5de5\u4e1a\u7ea73D\u6253\u5370\u673a\u3002","og_url":"https:\/\/www.3dptek.com\/fr\/industrial-3d-printers\/","og_site_name":"\u4e09\u5e1d\u79d1\u6280\u80a1\u4efd\u6709\u9650\u516c\u53f8","article_modified_time":"2024-05-30T02:54:05+00:00","twitter_card":"summary_large_image","twitter_misc":{"Dur\u00e9e de lecture estim\u00e9e":"2 minutes"},"schema":{"@context":"https:\/\/schema.org","@graph":[{"@type":"WebPage","@id":"https:\/\/www.3dptek.com\/industrial-3d-printers\/","url":"https:\/\/www.3dptek.com\/industrial-3d-printers\/","name":"Imprimante 3D de qualit\u00e9 industrielle : cr\u00e9er la technologie de fabrication du futur \u4e28\u5353\u4e1a\u54c1\u8d28\u4e28\u9ad8\u4ef7\u6bd4\u4e28\u8fd0\u884c\u7a33\u5b9a - SANDY TECHNOLOGY CO.","isPartOf":{"@id":"https:\/\/www.3dptek.com\/#website"},"datePublished":"2024-04-01T07:07:37+00:00","dateModified":"2024-05-30T02:54:05+00:00","description":"En tant qu'innovateur technologique avec le processus d'impression 3D \"SLS+SLM+3DP+BJ\", SANDI a d\u00e9velopp\u00e9 de mani\u00e8re ind\u00e9pendante des imprimantes 3D de qualit\u00e9 industrielle, telles que le frittage s\u00e9lectif par laser SLS, la fusion s\u00e9lective par laser SLM, l'impression de sable 3DP et l'impression de m\u00e9tal\/c\u00e9ramique par jet de liant BJ.","breadcrumb":{"@id":"https:\/\/www.3dptek.com\/industrial-3d-printers\/#breadcrumb"},"inLanguage":"fr-FR","potentialAction":[{"@type":"ReadAction","target":["https:\/\/www.3dptek.com\/industrial-3d-printers\/"]}]},{"@type":"BreadcrumbList","@id":"https:\/\/www.3dptek.com\/industrial-3d-printers\/#breadcrumb","itemListElement":[{"@type":"ListItem","position":1,"name":"\u9996\u9875","item":"https:\/\/www.3dptek.com\/"},{"@type":"ListItem","position":2,"name":"\u5de5\u4e1a3D\u6253\u5370\u673a"}]},{"@type":"WebSite","@id":"https:\/\/www.3dptek.com\/#website","url":"https:\/\/www.3dptek.com\/","name":"SANDY TECHNOLOGY CO.","description":"","potentialAction":[{"@type":"SearchAction","target":{"@type":"EntryPoint","urlTemplate":"https:\/\/www.3dptek.com\/?s={search_term_string}"},"query-input":{"@type":"PropertyValueSpecification","valueRequired":true,"valueName":"search_term_string"}}],"inLanguage":"fr-FR"}]}},"_links":{"self":[{"href":"https:\/\/www.3dptek.com\/fr\/wp-json\/wp\/v2\/pages\/187","targetHints":{"allow":["GET"]}}],"collection":[{"href":"https:\/\/www.3dptek.com\/fr\/wp-json\/wp\/v2\/pages"}],"about":[{"href":"https:\/\/www.3dptek.com\/fr\/wp-json\/wp\/v2\/types\/page"}],"author":[{"embeddable":true,"href":"https:\/\/www.3dptek.com\/fr\/wp-json\/wp\/v2\/users\/1"}],"replies":[{"embeddable":true,"href":"https:\/\/www.3dptek.com\/fr\/wp-json\/wp\/v2\/comments?post=187"}],"version-history":[{"count":1,"href":"https:\/\/www.3dptek.com\/fr\/wp-json\/wp\/v2\/pages\/187\/revisions"}],"predecessor-version":[{"id":188,"href":"https:\/\/www.3dptek.com\/fr\/wp-json\/wp\/v2\/pages\/187\/revisions\/188"}],"wp:attachment":[{"href":"https:\/\/www.3dptek.com\/fr\/wp-json\/wp\/v2\/media?parent=187"}],"curies":[{"name":"wp","href":"https:\/\/api.w.org\/{rel}","templated":true}]}}