{"id":862,"date":"2024-04-25T23:19:42","date_gmt":"2024-04-25T15:19:42","guid":{"rendered":"https:\/\/test.3dptek.com\/?page_id=862"},"modified":"2024-05-21T20:05:55","modified_gmt":"2024-05-21T12:05:55","slug":"3d-in-medical","status":"publish","type":"page","link":"https:\/\/www.3dptek.com\/es\/industry-applications\/3d-in-medical\/","title":{"rendered":"Medicina 3D"},"content":{"rendered":"","protected":false},"excerpt":{"rendered":"","protected":false},"author":1,"featured_media":0,"parent":273,"menu_order":0,"comment_status":"closed","ping_status":"closed","template":"","meta":{"_yoast_wpseo_focuskw":"","_yoast_wpseo_title":"\u7cbe\u51c6\u533b\u7597\uff1a3D\u6253\u5370\u6280\u672f\u5728\u533b\u7597\u884c\u4e1a\u7684\u7a81\u7834 %%sep%% %%sitename%%","_yoast_wpseo_metadesc":"\u4e09\u5e1d\u79d1\u6280\u5f00\u62d3\u4e863D\u6253\u5370\u5728\u5eb7\u590d\u533b\u7597\u4e2d\u7684\u5e94\u7528\uff083D\u533b\u7597\uff09\uff0c\u83b7\u5f97\u4e86\u4e2d\u56fd\u7b2c\u4e00\u5f203D\u6253\u5370\u5b9a\u5236\u949b\u5408\u91d1\u52a9\u542c\u5668\u533b\u7597\u5668\u68b0\u6ce8\u518c\u8bc1\uff0c\u5e76\u5efa\u7acb\u4e86\u201c\u592a\u97f3\u201d\u7cfb\u7edf\u52a9\u542c\u5668\u4ea7\u54c1\u9500\u552e\u6e20\u9053\u3002\u540c\u65f6\uff0c\u62e5\u67093D\u6253\u5370\u6570\u5b57\u5316\u9f7f\u79d1\u7684\u8bbe\u5907\u548c\u6750\u6599\u6280\u672f\uff0c\u5e76\u5728\u7259\u79d1\u8bca\u6240\u63a8\u5e7f\u6570\u5b57\u5316\u9f7f\u79d1\u89e3\u51b3\u65b9\u6848\uff0c\u4ea7\u54c1\u5305\u62ec\u7259\u79cd\u690d\u624b\u672f\u5bfc\u677f\u3001\u7259\u6a21\u3001\u4e34\u65f6\u7259\u51a0\u3001\u7259\u51a0\u3001\u7259\u8d34\u9762\u7b49\u3002","footnotes":""},"class_list":["post-862","page","type-page","status-publish","hentry"],"acf":[],"yoast_head":"\n\u7cbe\u51c6\u533b\u7597\uff1a3D\u6253\u5370\u6280\u672f\u5728\u533b\u7597\u884c\u4e1a\u7684\u7a81\u7834 - \u4e09\u5e1d\u79d1\u6280\u80a1\u4efd\u6709\u9650\u516c\u53f8<\/title>\n<meta name=\"description\" content=\"\u4e09\u5e1d\u79d1\u6280\u5f00\u62d3\u4e863D\u6253\u5370\u5728\u5eb7\u590d\u533b\u7597\u4e2d\u7684\u5e94\u7528\uff083D\u533b\u7597\uff09\uff0c\u83b7\u5f97\u4e86\u4e2d\u56fd\u7b2c\u4e00\u5f203D\u6253\u5370\u5b9a\u5236\u949b\u5408\u91d1\u52a9\u542c\u5668\u533b\u7597\u5668\u68b0\u6ce8\u518c\u8bc1\uff0c\u5e76\u5efa\u7acb\u4e86\u201c\u592a\u97f3\u201d\u7cfb\u7edf\u52a9\u542c\u5668\u4ea7\u54c1\u9500\u552e\u6e20\u9053\u3002\u540c\u65f6\uff0c\u62e5\u67093D\u6253\u5370\u6570\u5b57\u5316\u9f7f\u79d1\u7684\u8bbe\u5907\u548c\u6750\u6599\u6280\u672f\uff0c\u5e76\u5728\u7259\u79d1\u8bca\u6240\u63a8\u5e7f\u6570\u5b57\u5316\u9f7f\u79d1\u89e3\u51b3\u65b9\u6848\uff0c\u4ea7\u54c1\u5305\u62ec\u7259\u79cd\u690d\u624b\u672f\u5bfc\u677f\u3001\u7259\u6a21\u3001\u4e34\u65f6\u7259\u51a0\u3001\u7259\u51a0\u3001\u7259\u8d34\u9762\u7b49\u3002\" \/>\n<meta name=\"robots\" content=\"index, follow, max-snippet:-1, max-image-preview:large, max-video-preview:-1\" \/>\n<link rel=\"canonical\" href=\"https:\/\/www.3dptek.com\/es\/industry-applications\/3d-in-medical\/\" \/>\n<meta property=\"og:locale\" content=\"es_ES\" \/>\n<meta property=\"og:type\" content=\"article\" \/>\n<meta property=\"og:title\" content=\"3D\u533b\u7597\" \/>\n<meta property=\"og:description\" content=\"\u4e09\u5e1d\u79d1\u6280\u5f00\u62d3\u4e863D\u6253\u5370\u5728\u5eb7\u590d\u533b\u7597\u4e2d\u7684\u5e94\u7528\uff083D\u533b\u7597\uff09\uff0c\u83b7\u5f97\u4e86\u4e2d\u56fd\u7b2c\u4e00\u5f203D\u6253\u5370\u5b9a\u5236\u949b\u5408\u91d1\u52a9\u542c\u5668\u533b\u7597\u5668\u68b0\u6ce8\u518c\u8bc1\uff0c\u5e76\u5efa\u7acb\u4e86\u201c\u592a\u97f3\u201d\u7cfb\u7edf\u52a9\u542c\u5668\u4ea7\u54c1\u9500\u552e\u6e20\u9053\u3002\u540c\u65f6\uff0c\u62e5\u67093D\u6253\u5370\u6570\u5b57\u5316\u9f7f\u79d1\u7684\u8bbe\u5907\u548c\u6750\u6599\u6280\u672f\uff0c\u5e76\u5728\u7259\u79d1\u8bca\u6240\u63a8\u5e7f\u6570\u5b57\u5316\u9f7f\u79d1\u89e3\u51b3\u65b9\u6848\uff0c\u4ea7\u54c1\u5305\u62ec\u7259\u79cd\u690d\u624b\u672f\u5bfc\u677f\u3001\u7259\u6a21\u3001\u4e34\u65f6\u7259\u51a0\u3001\u7259\u51a0\u3001\u7259\u8d34\u9762\u7b49\u3002\" \/>\n<meta property=\"og:url\" content=\"https:\/\/www.3dptek.com\/es\/industry-applications\/3d-in-medical\/\" \/>\n<meta property=\"og:site_name\" content=\"\u4e09\u5e1d\u79d1\u6280\u80a1\u4efd\u6709\u9650\u516c\u53f8\" \/>\n<meta property=\"article:modified_time\" content=\"2024-05-21T12:05:55+00:00\" \/>\n<meta name=\"twitter:card\" content=\"summary_large_image\" \/>\n<meta name=\"twitter:label1\" content=\"Tiempo de lectura\" \/>\n\t<meta name=\"twitter:data1\" content=\"1 minuto\" \/>\n<script type=\"application\/ld+json\" class=\"yoast-schema-graph\">{\"@context\":\"https:\/\/schema.org\",\"@graph\":[{\"@type\":\"WebPage\",\"@id\":\"https:\/\/www.3dptek.com\/industry-applications\/3d-in-medical\/\",\"url\":\"https:\/\/www.3dptek.com\/industry-applications\/3d-in-medical\/\",\"name\":\"\u7cbe\u51c6\u533b\u7597\uff1a3D\u6253\u5370\u6280\u672f\u5728\u533b\u7597\u884c\u4e1a\u7684\u7a81\u7834 - \u4e09\u5e1d\u79d1\u6280\u80a1\u4efd\u6709\u9650\u516c\u53f8\",\"isPartOf\":{\"@id\":\"https:\/\/www.3dptek.com\/#website\"},\"datePublished\":\"2024-04-25T15:19:42+00:00\",\"dateModified\":\"2024-05-21T12:05:55+00:00\",\"description\":\"\u4e09\u5e1d\u79d1\u6280\u5f00\u62d3\u4e863D\u6253\u5370\u5728\u5eb7\u590d\u533b\u7597\u4e2d\u7684\u5e94\u7528\uff083D\u533b\u7597\uff09\uff0c\u83b7\u5f97\u4e86\u4e2d\u56fd\u7b2c\u4e00\u5f203D\u6253\u5370\u5b9a\u5236\u949b\u5408\u91d1\u52a9\u542c\u5668\u533b\u7597\u5668\u68b0\u6ce8\u518c\u8bc1\uff0c\u5e76\u5efa\u7acb\u4e86\u201c\u592a\u97f3\u201d\u7cfb\u7edf\u52a9\u542c\u5668\u4ea7\u54c1\u9500\u552e\u6e20\u9053\u3002\u540c\u65f6\uff0c\u62e5\u67093D\u6253\u5370\u6570\u5b57\u5316\u9f7f\u79d1\u7684\u8bbe\u5907\u548c\u6750\u6599\u6280\u672f\uff0c\u5e76\u5728\u7259\u79d1\u8bca\u6240\u63a8\u5e7f\u6570\u5b57\u5316\u9f7f\u79d1\u89e3\u51b3\u65b9\u6848\uff0c\u4ea7\u54c1\u5305\u62ec\u7259\u79cd\u690d\u624b\u672f\u5bfc\u677f\u3001\u7259\u6a21\u3001\u4e34\u65f6\u7259\u51a0\u3001\u7259\u51a0\u3001\u7259\u8d34\u9762\u7b49\u3002\",\"breadcrumb\":{\"@id\":\"https:\/\/www.3dptek.com\/industry-applications\/3d-in-medical\/#breadcrumb\"},\"inLanguage\":\"es\",\"potentialAction\":[{\"@type\":\"ReadAction\",\"target\":[\"https:\/\/www.3dptek.com\/industry-applications\/3d-in-medical\/\"]}]},{\"@type\":\"BreadcrumbList\",\"@id\":\"https:\/\/www.3dptek.com\/industry-applications\/3d-in-medical\/#breadcrumb\",\"itemListElement\":[{\"@type\":\"ListItem\",\"position\":1,\"name\":\"\u9996\u9875\",\"item\":\"https:\/\/www.3dptek.com\/\"},{\"@type\":\"ListItem\",\"position\":2,\"name\":\"\u884c\u4e1a\u5e94\u7528\",\"item\":\"https:\/\/www.3dptek.com\/industry-applications\/\"},{\"@type\":\"ListItem\",\"position\":3,\"name\":\"3D\u533b\u7597\"}]},{\"@type\":\"WebSite\",\"@id\":\"https:\/\/www.3dptek.com\/#website\",\"url\":\"https:\/\/www.3dptek.com\/\",\"name\":\"\u4e09\u5e1d\u79d1\u6280\u80a1\u4efd\u6709\u9650\u516c\u53f8\",\"description\":\"\",\"potentialAction\":[{\"@type\":\"SearchAction\",\"target\":{\"@type\":\"EntryPoint\",\"urlTemplate\":\"https:\/\/www.3dptek.com\/?s={search_term_string}\"},\"query-input\":{\"@type\":\"PropertyValueSpecification\",\"valueRequired\":true,\"valueName\":\"search_term_string\"}}],\"inLanguage\":\"es\"}]}<\/script>\n<!-- \/ Yoast SEO Premium plugin. -->","yoast_head_json":{"title":"Medicina de precisi\u00f3n: avance de la tecnolog\u00eda de impresi\u00f3n 3D en la industria m\u00e9dica - SANDY TECHNOLOGY CO.","description":"SANDI ha sido pionera en la aplicaci\u00f3n de la impresi\u00f3n 3D en el tratamiento m\u00e9dico de rehabilitaci\u00f3n (tratamiento m\u00e9dico 3D), ha obtenido el primer certificado de registro de China para aud\u00edfonos de aleaci\u00f3n de titanio personalizados impresos en 3D y ha establecido un canal de ventas para el sistema \"Taiyin\" de productos de aud\u00edfonos. Al mismo tiempo, contamos con equipos y tecnolog\u00eda de materiales dentales digitales impresos en 3D, y promovemos soluciones dentales digitales en cl\u00ednicas dentales, incluidas gu\u00edas quir\u00fargicas de implantes dentales, moldes dentales, coronas provisionales, coronas dentales, carillas dentales, etc.","robots":{"index":"index","follow":"follow","max-snippet":"max-snippet:-1","max-image-preview":"max-image-preview:large","max-video-preview":"max-video-preview:-1"},"canonical":"https:\/\/www.3dptek.com\/es\/industry-applications\/3d-in-medical\/","og_locale":"es_ES","og_type":"article","og_title":"3D\u533b\u7597","og_description":"\u4e09\u5e1d\u79d1\u6280\u5f00\u62d3\u4e863D\u6253\u5370\u5728\u5eb7\u590d\u533b\u7597\u4e2d\u7684\u5e94\u7528\uff083D\u533b\u7597\uff09\uff0c\u83b7\u5f97\u4e86\u4e2d\u56fd\u7b2c\u4e00\u5f203D\u6253\u5370\u5b9a\u5236\u949b\u5408\u91d1\u52a9\u542c\u5668\u533b\u7597\u5668\u68b0\u6ce8\u518c\u8bc1\uff0c\u5e76\u5efa\u7acb\u4e86\u201c\u592a\u97f3\u201d\u7cfb\u7edf\u52a9\u542c\u5668\u4ea7\u54c1\u9500\u552e\u6e20\u9053\u3002\u540c\u65f6\uff0c\u62e5\u67093D\u6253\u5370\u6570\u5b57\u5316\u9f7f\u79d1\u7684\u8bbe\u5907\u548c\u6750\u6599\u6280\u672f\uff0c\u5e76\u5728\u7259\u79d1\u8bca\u6240\u63a8\u5e7f\u6570\u5b57\u5316\u9f7f\u79d1\u89e3\u51b3\u65b9\u6848\uff0c\u4ea7\u54c1\u5305\u62ec\u7259\u79cd\u690d\u624b\u672f\u5bfc\u677f\u3001\u7259\u6a21\u3001\u4e34\u65f6\u7259\u51a0\u3001\u7259\u51a0\u3001\u7259\u8d34\u9762\u7b49\u3002","og_url":"https:\/\/www.3dptek.com\/es\/industry-applications\/3d-in-medical\/","og_site_name":"\u4e09\u5e1d\u79d1\u6280\u80a1\u4efd\u6709\u9650\u516c\u53f8","article_modified_time":"2024-05-21T12:05:55+00:00","twitter_card":"summary_large_image","twitter_misc":{"Tiempo de lectura":"1 minuto"},"schema":{"@context":"https:\/\/schema.org","@graph":[{"@type":"WebPage","@id":"https:\/\/www.3dptek.com\/industry-applications\/3d-in-medical\/","url":"https:\/\/www.3dptek.com\/industry-applications\/3d-in-medical\/","name":"Medicina de precisi\u00f3n: avance de la tecnolog\u00eda de impresi\u00f3n 3D en la industria m\u00e9dica - SANDY TECHNOLOGY CO.","isPartOf":{"@id":"https:\/\/www.3dptek.com\/#website"},"datePublished":"2024-04-25T15:19:42+00:00","dateModified":"2024-05-21T12:05:55+00:00","description":"SANDI ha sido pionera en la aplicaci\u00f3n de la impresi\u00f3n 3D en el tratamiento m\u00e9dico de rehabilitaci\u00f3n (tratamiento m\u00e9dico 3D), ha obtenido el primer certificado de registro de China para aud\u00edfonos de aleaci\u00f3n de titanio personalizados impresos en 3D y ha establecido un canal de ventas para el sistema \"Taiyin\" de productos de aud\u00edfonos. Al mismo tiempo, contamos con equipos y tecnolog\u00eda de materiales dentales digitales impresos en 3D, y promovemos soluciones dentales digitales en cl\u00ednicas dentales, incluidas gu\u00edas quir\u00fargicas de implantes dentales, moldes dentales, coronas provisionales, coronas dentales, carillas dentales, etc.","breadcrumb":{"@id":"https:\/\/www.3dptek.com\/industry-applications\/3d-in-medical\/#breadcrumb"},"inLanguage":"es","potentialAction":[{"@type":"ReadAction","target":["https:\/\/www.3dptek.com\/industry-applications\/3d-in-medical\/"]}]},{"@type":"BreadcrumbList","@id":"https:\/\/www.3dptek.com\/industry-applications\/3d-in-medical\/#breadcrumb","itemListElement":[{"@type":"ListItem","position":1,"name":"\u9996\u9875","item":"https:\/\/www.3dptek.com\/"},{"@type":"ListItem","position":2,"name":"\u884c\u4e1a\u5e94\u7528","item":"https:\/\/www.3dptek.com\/industry-applications\/"},{"@type":"ListItem","position":3,"name":"3D\u533b\u7597"}]},{"@type":"WebSite","@id":"https:\/\/www.3dptek.com\/#website","url":"https:\/\/www.3dptek.com\/","name":"SANDY TECHNOLOGY CO.","description":"","potentialAction":[{"@type":"SearchAction","target":{"@type":"EntryPoint","urlTemplate":"https:\/\/www.3dptek.com\/?s={search_term_string}"},"query-input":{"@type":"PropertyValueSpecification","valueRequired":true,"valueName":"search_term_string"}}],"inLanguage":"es"}]}},"_links":{"self":[{"href":"https:\/\/www.3dptek.com\/es\/wp-json\/wp\/v2\/pages\/862","targetHints":{"allow":["GET"]}}],"collection":[{"href":"https:\/\/www.3dptek.com\/es\/wp-json\/wp\/v2\/pages"}],"about":[{"href":"https:\/\/www.3dptek.com\/es\/wp-json\/wp\/v2\/types\/page"}],"author":[{"embeddable":true,"href":"https:\/\/www.3dptek.com\/es\/wp-json\/wp\/v2\/users\/1"}],"replies":[{"embeddable":true,"href":"https:\/\/www.3dptek.com\/es\/wp-json\/wp\/v2\/comments?post=862"}],"version-history":[{"count":1,"href":"https:\/\/www.3dptek.com\/es\/wp-json\/wp\/v2\/pages\/862\/revisions"}],"predecessor-version":[{"id":863,"href":"https:\/\/www.3dptek.com\/es\/wp-json\/wp\/v2\/pages\/862\/revisions\/863"}],"up":[{"embeddable":true,"href":"https:\/\/www.3dptek.com\/es\/wp-json\/wp\/v2\/pages\/273"}],"wp:attachment":[{"href":"https:\/\/www.3dptek.com\/es\/wp-json\/wp\/v2\/media?parent=862"}],"curies":[{"name":"wp","href":"https:\/\/api.w.org\/{rel}","templated":true}]}}