{"id":151,"date":"2024-03-29T11:27:52","date_gmt":"2024-03-29T03:27:52","guid":{"rendered":"https:\/\/test.3dptek.com\/?page_id=151"},"modified":"2024-11-26T16:33:49","modified_gmt":"2024-11-26T08:33:49","slug":"3d-casting","status":"publish","type":"page","link":"https:\/\/www.3dptek.com\/es\/3d-printed-manufacturing\/3d-casting\/","title":{"rendered":"Fundici\u00f3n 3D"},"content":{"rendered":"","protected":false},"excerpt":{"rendered":"","protected":false},"author":1,"featured_media":1732,"parent":49,"menu_order":0,"comment_status":"closed","ping_status":"closed","template":"","meta":{"_yoast_wpseo_focuskw":"","_yoast_wpseo_title":"3D\u6253\u5370\u7802\u578b\u3001\u8721\u6a21\u94f8\u9020 | \u9769\u65b0\u4f20\u7edf\u94f8\u9020\u5de5\u827a %%sep%% %%sitename%%","_yoast_wpseo_metadesc":"\u4e09\u5e1d\u79d1\u6280\u62e5\u6709\u8fd1 30 \u5e74\u7684 3D \u6253\u5370\u670d\u52a1\u7ecf\u9a8c\u53ca\u94f8\u9020\u7ecf\u9a8c\uff0c\u57fa\u4e8e\u201c\u5de5\u827a\u8bbe\u8ba1\u30013D \u6253\u5370\u3001\u94f8\u9020\u3001\u673a\u52a0\u5de5\u53ca\u68c0\u6d4b\u201d\u7b49\u4e00\u4f53\u5316\u6280\u672f\u5de5\u827a\uff0c\u53ef\u63d0\u4f9b\u9ad8\u8d28\u91cf\u7684\u7814\u53d1\u8bd5\u5236\u3001\u5c0f\u6279\u91cf\u591a\u54c1\u79cd\u3001\u590d\u6742\u7ed3\u6784\u91d1\u5c5e\u4ea7\u54c1\u7684\u5feb\u901f\u5236\u9020\u670d\u52a1\u3002\u53ef\u4e3a\u822a\u7a7a\u822a\u5929\u3001\u6c7d\u8f66\u3001\u8f68\u9053\u4ea4\u901a\u3001\u8239\u8236\u6cf5\u9600\u3001\u5de5\u7a0b\u673a\u68b0\u3001\u827a\u672f\u94f8\u9020\u3001\u91d1\u5c5e\u52a0\u5de5\u7b49\u7528\u6237\u63d0\u4f9b\u94dd\u5408\u91d1\u3001\u94dc\u5408\u91d1\u3001\u94f8\u94c1\u3001\u94f8\u94a2\u3001\u9541\u5408\u91d1\u3001\u9ad8\u6e29\u5408\u91d1\u3001\u949b\u5408\u91d1\u7b49\u7684\u5feb\u901f\u5236\u9020\u670d\u52a1\u3002","footnotes":""},"class_list":["post-151","page","type-page","status-publish","has-post-thumbnail","hentry"],"acf":[],"yoast_head":"\n3D\u6253\u5370\u7802\u578b\u3001\u8721\u6a21\u94f8\u9020 | \u9769\u65b0\u4f20\u7edf\u94f8\u9020\u5de5\u827a - \u4e09\u5e1d\u79d1\u6280\u80a1\u4efd\u6709\u9650\u516c\u53f8<\/title>\n<meta name=\"description\" content=\"\u4e09\u5e1d\u79d1\u6280\u62e5\u6709\u8fd1 30 \u5e74\u7684 3D \u6253\u5370\u670d\u52a1\u7ecf\u9a8c\u53ca\u94f8\u9020\u7ecf\u9a8c\uff0c\u57fa\u4e8e\u201c\u5de5\u827a\u8bbe\u8ba1\u30013D \u6253\u5370\u3001\u94f8\u9020\u3001\u673a\u52a0\u5de5\u53ca\u68c0\u6d4b\u201d\u7b49\u4e00\u4f53\u5316\u6280\u672f\u5de5\u827a\uff0c\u53ef\u63d0\u4f9b\u9ad8\u8d28\u91cf\u7684\u7814\u53d1\u8bd5\u5236\u3001\u5c0f\u6279\u91cf\u591a\u54c1\u79cd\u3001\u590d\u6742\u7ed3\u6784\u91d1\u5c5e\u4ea7\u54c1\u7684\u5feb\u901f\u5236\u9020\u670d\u52a1\u3002\u53ef\u4e3a\u822a\u7a7a\u822a\u5929\u3001\u6c7d\u8f66\u3001\u8f68\u9053\u4ea4\u901a\u3001\u8239\u8236\u6cf5\u9600\u3001\u5de5\u7a0b\u673a\u68b0\u3001\u827a\u672f\u94f8\u9020\u3001\u91d1\u5c5e\u52a0\u5de5\u7b49\u7528\u6237\u63d0\u4f9b\u94dd\u5408\u91d1\u3001\u94dc\u5408\u91d1\u3001\u94f8\u94c1\u3001\u94f8\u94a2\u3001\u9541\u5408\u91d1\u3001\u9ad8\u6e29\u5408\u91d1\u3001\u949b\u5408\u91d1\u7b49\u7684\u5feb\u901f\u5236\u9020\u670d\u52a1\u3002\" \/>\n<meta name=\"robots\" content=\"index, follow, max-snippet:-1, max-image-preview:large, max-video-preview:-1\" \/>\n<link rel=\"canonical\" href=\"https:\/\/www.3dptek.com\/es\/3d-printed-manufacturing\/3d-casting\/\" \/>\n<meta property=\"og:locale\" content=\"es_ES\" \/>\n<meta property=\"og:type\" content=\"article\" \/>\n<meta property=\"og:title\" content=\"3D\u94f8\u9020\" \/>\n<meta property=\"og:description\" content=\"\u4e09\u5e1d\u79d1\u6280\u62e5\u6709\u8fd1 30 \u5e74\u7684 3D \u6253\u5370\u670d\u52a1\u7ecf\u9a8c\u53ca\u94f8\u9020\u7ecf\u9a8c\uff0c\u57fa\u4e8e\u201c\u5de5\u827a\u8bbe\u8ba1\u30013D \u6253\u5370\u3001\u94f8\u9020\u3001\u673a\u52a0\u5de5\u53ca\u68c0\u6d4b\u201d\u7b49\u4e00\u4f53\u5316\u6280\u672f\u5de5\u827a\uff0c\u53ef\u63d0\u4f9b\u9ad8\u8d28\u91cf\u7684\u7814\u53d1\u8bd5\u5236\u3001\u5c0f\u6279\u91cf\u591a\u54c1\u79cd\u3001\u590d\u6742\u7ed3\u6784\u91d1\u5c5e\u4ea7\u54c1\u7684\u5feb\u901f\u5236\u9020\u670d\u52a1\u3002\u53ef\u4e3a\u822a\u7a7a\u822a\u5929\u3001\u6c7d\u8f66\u3001\u8f68\u9053\u4ea4\u901a\u3001\u8239\u8236\u6cf5\u9600\u3001\u5de5\u7a0b\u673a\u68b0\u3001\u827a\u672f\u94f8\u9020\u3001\u91d1\u5c5e\u52a0\u5de5\u7b49\u7528\u6237\u63d0\u4f9b\u94dd\u5408\u91d1\u3001\u94dc\u5408\u91d1\u3001\u94f8\u94c1\u3001\u94f8\u94a2\u3001\u9541\u5408\u91d1\u3001\u9ad8\u6e29\u5408\u91d1\u3001\u949b\u5408\u91d1\u7b49\u7684\u5feb\u901f\u5236\u9020\u670d\u52a1\u3002\" \/>\n<meta property=\"og:url\" content=\"https:\/\/www.3dptek.com\/es\/3d-printed-manufacturing\/3d-casting\/\" \/>\n<meta property=\"og:site_name\" content=\"\u4e09\u5e1d\u79d1\u6280\u80a1\u4efd\u6709\u9650\u516c\u53f8\" \/>\n<meta property=\"article:modified_time\" content=\"2024-11-26T08:33:49+00:00\" \/>\n<meta property=\"og:image\" content=\"https:\/\/www.3dptek.com\/wp-content\/uploads\/2024\/10\/low-volume-production.jpg\" \/>\n\t<meta property=\"og:image:width\" content=\"800\" \/>\n\t<meta property=\"og:image:height\" content=\"600\" \/>\n\t<meta property=\"og:image:type\" content=\"image\/jpeg\" \/>\n<meta name=\"twitter:card\" content=\"summary_large_image\" \/>\n<meta name=\"twitter:label1\" content=\"Tiempo de lectura\" \/>\n\t<meta name=\"twitter:data1\" content=\"5 minutos\" \/>\n<script type=\"application\/ld+json\" class=\"yoast-schema-graph\">{\"@context\":\"https:\/\/schema.org\",\"@graph\":[{\"@type\":\"WebPage\",\"@id\":\"https:\/\/www.3dptek.com\/3d-printed-manufacturing\/3d-casting\/\",\"url\":\"https:\/\/www.3dptek.com\/3d-printed-manufacturing\/3d-casting\/\",\"name\":\"3D\u6253\u5370\u7802\u578b\u3001\u8721\u6a21\u94f8\u9020 | \u9769\u65b0\u4f20\u7edf\u94f8\u9020\u5de5\u827a - \u4e09\u5e1d\u79d1\u6280\u80a1\u4efd\u6709\u9650\u516c\u53f8\",\"isPartOf\":{\"@id\":\"https:\/\/www.3dptek.com\/#website\"},\"primaryImageOfPage\":{\"@id\":\"https:\/\/www.3dptek.com\/3d-printed-manufacturing\/3d-casting\/#primaryimage\"},\"image\":{\"@id\":\"https:\/\/www.3dptek.com\/3d-printed-manufacturing\/3d-casting\/#primaryimage\"},\"thumbnailUrl\":\"https:\/\/www.3dptek.com\/wp-content\/uploads\/2024\/10\/low-volume-production.jpg\",\"datePublished\":\"2024-03-29T03:27:52+00:00\",\"dateModified\":\"2024-11-26T08:33:49+00:00\",\"description\":\"\u4e09\u5e1d\u79d1\u6280\u62e5\u6709\u8fd1 30 \u5e74\u7684 3D \u6253\u5370\u670d\u52a1\u7ecf\u9a8c\u53ca\u94f8\u9020\u7ecf\u9a8c\uff0c\u57fa\u4e8e\u201c\u5de5\u827a\u8bbe\u8ba1\u30013D \u6253\u5370\u3001\u94f8\u9020\u3001\u673a\u52a0\u5de5\u53ca\u68c0\u6d4b\u201d\u7b49\u4e00\u4f53\u5316\u6280\u672f\u5de5\u827a\uff0c\u53ef\u63d0\u4f9b\u9ad8\u8d28\u91cf\u7684\u7814\u53d1\u8bd5\u5236\u3001\u5c0f\u6279\u91cf\u591a\u54c1\u79cd\u3001\u590d\u6742\u7ed3\u6784\u91d1\u5c5e\u4ea7\u54c1\u7684\u5feb\u901f\u5236\u9020\u670d\u52a1\u3002\u53ef\u4e3a\u822a\u7a7a\u822a\u5929\u3001\u6c7d\u8f66\u3001\u8f68\u9053\u4ea4\u901a\u3001\u8239\u8236\u6cf5\u9600\u3001\u5de5\u7a0b\u673a\u68b0\u3001\u827a\u672f\u94f8\u9020\u3001\u91d1\u5c5e\u52a0\u5de5\u7b49\u7528\u6237\u63d0\u4f9b\u94dd\u5408\u91d1\u3001\u94dc\u5408\u91d1\u3001\u94f8\u94c1\u3001\u94f8\u94a2\u3001\u9541\u5408\u91d1\u3001\u9ad8\u6e29\u5408\u91d1\u3001\u949b\u5408\u91d1\u7b49\u7684\u5feb\u901f\u5236\u9020\u670d\u52a1\u3002\",\"breadcrumb\":{\"@id\":\"https:\/\/www.3dptek.com\/3d-printed-manufacturing\/3d-casting\/#breadcrumb\"},\"inLanguage\":\"es\",\"potentialAction\":[{\"@type\":\"ReadAction\",\"target\":[\"https:\/\/www.3dptek.com\/3d-printed-manufacturing\/3d-casting\/\"]}]},{\"@type\":\"ImageObject\",\"inLanguage\":\"es\",\"@id\":\"https:\/\/www.3dptek.com\/3d-printed-manufacturing\/3d-casting\/#primaryimage\",\"url\":\"https:\/\/www.3dptek.com\/wp-content\/uploads\/2024\/10\/low-volume-production.jpg\",\"contentUrl\":\"https:\/\/www.3dptek.com\/wp-content\/uploads\/2024\/10\/low-volume-production.jpg\",\"width\":800,\"height\":600,\"caption\":\"\u5c0f\u6279\u91cf\u4e2a\u6027\u5316\u94f8\u9020\"},{\"@type\":\"BreadcrumbList\",\"@id\":\"https:\/\/www.3dptek.com\/3d-printed-manufacturing\/3d-casting\/#breadcrumb\",\"itemListElement\":[{\"@type\":\"ListItem\",\"position\":1,\"name\":\"\u9996\u9875\",\"item\":\"https:\/\/www.3dptek.com\/\"},{\"@type\":\"ListItem\",\"position\":2,\"name\":\"3D\u5236\u9020\",\"item\":\"https:\/\/www.3dptek.com\/3d-printed-manufacturing\/\"},{\"@type\":\"ListItem\",\"position\":3,\"name\":\"3D\u94f8\u9020\"}]},{\"@type\":\"WebSite\",\"@id\":\"https:\/\/www.3dptek.com\/#website\",\"url\":\"https:\/\/www.3dptek.com\/\",\"name\":\"\u4e09\u5e1d\u79d1\u6280\u80a1\u4efd\u6709\u9650\u516c\u53f8\",\"description\":\"\",\"potentialAction\":[{\"@type\":\"SearchAction\",\"target\":{\"@type\":\"EntryPoint\",\"urlTemplate\":\"https:\/\/www.3dptek.com\/?s={search_term_string}\"},\"query-input\":{\"@type\":\"PropertyValueSpecification\",\"valueRequired\":true,\"valueName\":\"search_term_string\"}}],\"inLanguage\":\"es\"}]}<\/script>\n<!-- \/ Yoast SEO Premium plugin. -->","yoast_head_json":{"title":"La impresi\u00f3n en 3D de moldes de arena y cera revoluciona el proceso de fundici\u00f3n tradicional - SANDY TECHNOLOGY CO.","description":"SANDI tiene casi 30 a\u00f1os de experiencia en la impresi\u00f3n 3D y fundici\u00f3n, basado en la integraci\u00f3n de \"dise\u00f1o de procesos, impresi\u00f3n 3D, fundici\u00f3n, mecanizado y pruebas\" y otros procesos tecnol\u00f3gicos, puede proporcionar alta calidad de I + D de producci\u00f3n de prueba, peque\u00f1os lotes de m\u00faltiples especies, la estructura compleja de los productos met\u00e1licos de los servicios de fabricaci\u00f3n r\u00e1pida. Podemos proporcionar servicios de fabricaci\u00f3n r\u00e1pida de aleaci\u00f3n de aluminio, aleaci\u00f3n de cobre, hierro fundido, acero fundido, aleaci\u00f3n de magnesio, aleaci\u00f3n de alta temperatura, aleaci\u00f3n de titanio y as\u00ed sucesivamente para los usuarios de la industria aeroespacial, autom\u00f3vil, transporte ferroviario, la v\u00e1lvula de la bomba de la nave, maquinaria de ingenier\u00eda, fundici\u00f3n de arte y procesamiento de metales.","robots":{"index":"index","follow":"follow","max-snippet":"max-snippet:-1","max-image-preview":"max-image-preview:large","max-video-preview":"max-video-preview:-1"},"canonical":"https:\/\/www.3dptek.com\/es\/3d-printed-manufacturing\/3d-casting\/","og_locale":"es_ES","og_type":"article","og_title":"3D\u94f8\u9020","og_description":"\u4e09\u5e1d\u79d1\u6280\u62e5\u6709\u8fd1 30 \u5e74\u7684 3D \u6253\u5370\u670d\u52a1\u7ecf\u9a8c\u53ca\u94f8\u9020\u7ecf\u9a8c\uff0c\u57fa\u4e8e\u201c\u5de5\u827a\u8bbe\u8ba1\u30013D \u6253\u5370\u3001\u94f8\u9020\u3001\u673a\u52a0\u5de5\u53ca\u68c0\u6d4b\u201d\u7b49\u4e00\u4f53\u5316\u6280\u672f\u5de5\u827a\uff0c\u53ef\u63d0\u4f9b\u9ad8\u8d28\u91cf\u7684\u7814\u53d1\u8bd5\u5236\u3001\u5c0f\u6279\u91cf\u591a\u54c1\u79cd\u3001\u590d\u6742\u7ed3\u6784\u91d1\u5c5e\u4ea7\u54c1\u7684\u5feb\u901f\u5236\u9020\u670d\u52a1\u3002\u53ef\u4e3a\u822a\u7a7a\u822a\u5929\u3001\u6c7d\u8f66\u3001\u8f68\u9053\u4ea4\u901a\u3001\u8239\u8236\u6cf5\u9600\u3001\u5de5\u7a0b\u673a\u68b0\u3001\u827a\u672f\u94f8\u9020\u3001\u91d1\u5c5e\u52a0\u5de5\u7b49\u7528\u6237\u63d0\u4f9b\u94dd\u5408\u91d1\u3001\u94dc\u5408\u91d1\u3001\u94f8\u94c1\u3001\u94f8\u94a2\u3001\u9541\u5408\u91d1\u3001\u9ad8\u6e29\u5408\u91d1\u3001\u949b\u5408\u91d1\u7b49\u7684\u5feb\u901f\u5236\u9020\u670d\u52a1\u3002","og_url":"https:\/\/www.3dptek.com\/es\/3d-printed-manufacturing\/3d-casting\/","og_site_name":"\u4e09\u5e1d\u79d1\u6280\u80a1\u4efd\u6709\u9650\u516c\u53f8","article_modified_time":"2024-11-26T08:33:49+00:00","og_image":[{"width":800,"height":600,"url":"https:\/\/www.3dptek.com\/wp-content\/uploads\/2024\/10\/low-volume-production.jpg","type":"image\/jpeg"}],"twitter_card":"summary_large_image","twitter_misc":{"Tiempo de lectura":"5 minutos"},"schema":{"@context":"https:\/\/schema.org","@graph":[{"@type":"WebPage","@id":"https:\/\/www.3dptek.com\/3d-printed-manufacturing\/3d-casting\/","url":"https:\/\/www.3dptek.com\/3d-printed-manufacturing\/3d-casting\/","name":"La impresi\u00f3n en 3D de moldes de arena y cera revoluciona el proceso de fundici\u00f3n tradicional - SANDY TECHNOLOGY CO.","isPartOf":{"@id":"https:\/\/www.3dptek.com\/#website"},"primaryImageOfPage":{"@id":"https:\/\/www.3dptek.com\/3d-printed-manufacturing\/3d-casting\/#primaryimage"},"image":{"@id":"https:\/\/www.3dptek.com\/3d-printed-manufacturing\/3d-casting\/#primaryimage"},"thumbnailUrl":"https:\/\/www.3dptek.com\/wp-content\/uploads\/2024\/10\/low-volume-production.jpg","datePublished":"2024-03-29T03:27:52+00:00","dateModified":"2024-11-26T08:33:49+00:00","description":"SANDI tiene casi 30 a\u00f1os de experiencia en la impresi\u00f3n 3D y fundici\u00f3n, basado en la integraci\u00f3n de \"dise\u00f1o de procesos, impresi\u00f3n 3D, fundici\u00f3n, mecanizado y pruebas\" y otros procesos tecnol\u00f3gicos, puede proporcionar alta calidad de I + D de producci\u00f3n de prueba, peque\u00f1os lotes de m\u00faltiples especies, la estructura compleja de los productos met\u00e1licos de los servicios de fabricaci\u00f3n r\u00e1pida. Podemos proporcionar servicios de fabricaci\u00f3n r\u00e1pida de aleaci\u00f3n de aluminio, aleaci\u00f3n de cobre, hierro fundido, acero fundido, aleaci\u00f3n de magnesio, aleaci\u00f3n de alta temperatura, aleaci\u00f3n de titanio y as\u00ed sucesivamente para los usuarios de la industria aeroespacial, autom\u00f3vil, transporte ferroviario, la v\u00e1lvula de la bomba de la nave, maquinaria de ingenier\u00eda, fundici\u00f3n de arte y procesamiento de metales.","breadcrumb":{"@id":"https:\/\/www.3dptek.com\/3d-printed-manufacturing\/3d-casting\/#breadcrumb"},"inLanguage":"es","potentialAction":[{"@type":"ReadAction","target":["https:\/\/www.3dptek.com\/3d-printed-manufacturing\/3d-casting\/"]}]},{"@type":"ImageObject","inLanguage":"es","@id":"https:\/\/www.3dptek.com\/3d-printed-manufacturing\/3d-casting\/#primaryimage","url":"https:\/\/www.3dptek.com\/wp-content\/uploads\/2024\/10\/low-volume-production.jpg","contentUrl":"https:\/\/www.3dptek.com\/wp-content\/uploads\/2024\/10\/low-volume-production.jpg","width":800,"height":600,"caption":"\u5c0f\u6279\u91cf\u4e2a\u6027\u5316\u94f8\u9020"},{"@type":"BreadcrumbList","@id":"https:\/\/www.3dptek.com\/3d-printed-manufacturing\/3d-casting\/#breadcrumb","itemListElement":[{"@type":"ListItem","position":1,"name":"\u9996\u9875","item":"https:\/\/www.3dptek.com\/"},{"@type":"ListItem","position":2,"name":"3D\u5236\u9020","item":"https:\/\/www.3dptek.com\/3d-printed-manufacturing\/"},{"@type":"ListItem","position":3,"name":"3D\u94f8\u9020"}]},{"@type":"WebSite","@id":"https:\/\/www.3dptek.com\/#website","url":"https:\/\/www.3dptek.com\/","name":"SANDY TECHNOLOGY CO.","description":"","potentialAction":[{"@type":"SearchAction","target":{"@type":"EntryPoint","urlTemplate":"https:\/\/www.3dptek.com\/?s={search_term_string}"},"query-input":{"@type":"PropertyValueSpecification","valueRequired":true,"valueName":"search_term_string"}}],"inLanguage":"es"}]}},"_links":{"self":[{"href":"https:\/\/www.3dptek.com\/es\/wp-json\/wp\/v2\/pages\/151","targetHints":{"allow":["GET"]}}],"collection":[{"href":"https:\/\/www.3dptek.com\/es\/wp-json\/wp\/v2\/pages"}],"about":[{"href":"https:\/\/www.3dptek.com\/es\/wp-json\/wp\/v2\/types\/page"}],"author":[{"embeddable":true,"href":"https:\/\/www.3dptek.com\/es\/wp-json\/wp\/v2\/users\/1"}],"replies":[{"embeddable":true,"href":"https:\/\/www.3dptek.com\/es\/wp-json\/wp\/v2\/comments?post=151"}],"version-history":[{"count":1,"href":"https:\/\/www.3dptek.com\/es\/wp-json\/wp\/v2\/pages\/151\/revisions"}],"predecessor-version":[{"id":152,"href":"https:\/\/www.3dptek.com\/es\/wp-json\/wp\/v2\/pages\/151\/revisions\/152"}],"up":[{"embeddable":true,"href":"https:\/\/www.3dptek.com\/es\/wp-json\/wp\/v2\/pages\/49"}],"wp:featuredmedia":[{"embeddable":true,"href":"https:\/\/www.3dptek.com\/es\/wp-json\/wp\/v2\/media\/1732"}],"wp:attachment":[{"href":"https:\/\/www.3dptek.com\/es\/wp-json\/wp\/v2\/media?parent=151"}],"curies":[{"name":"wp","href":"https:\/\/api.w.org\/{rel}","templated":true}]}}